{"id":982,"date":"2025-06-23T15:39:42","date_gmt":"2025-06-23T21:39:42","guid":{"rendered":"https:\/\/santaclarapuros.com\/club\/producto\/tabaco-picado-hampton-vainilla-20-gramos\/"},"modified":"2026-01-29T13:09:35","modified_gmt":"2026-01-29T19:09:35","slug":"tabaco-picado-hampton-vainilla-20-gramos","status":"publish","type":"product","link":"https:\/\/santaclarapuros.com\/club\/producto\/tabaco-picado-hampton-vainilla-20-gramos\/","title":{"rendered":"TABACO PICADO HAMPTON VAINILLA 20 GRAMOS"},"content":{"rendered":"<p>El tabaco para liar Hampton, es uno de los productos m\u00e1s importantes para la marca debido a que est\u00e1 destinado exclusivamente para satisfacer el paladar m\u00e1s exigente de quien degusta de elaborar su propio cigarrillo. el aroma y consistencia de este tabaco est\u00e1 pensado para los m\u00e1s grandes expertos en la materia del tabaco.<\/p>\n","protected":false},"excerpt":{"rendered":"<p>El tabaco para liar Hampton, es uno de los productos m\u00e1s importantes para la marca debido a que est\u00e1 destinado exclusivamente para satisfacer el paladar m\u00e1s exigente de quien degusta de elaborar su propio cigarrillo. el aroma y consistencia de este tabaco est\u00e1 pensado para los m\u00e1s grandes expertos en la materia del tabaco.<\/p>\n","protected":false},"featured_media":981,"comment_status":"open","ping_status":"closed","template":"","meta":[],"product_brand":[],"product_cat":[44,26],"product_tag":[],"class_list":{"0":"post-982","1":"product","2":"type-product","3":"status-publish","4":"has-post-thumbnail","6":"product_cat-hampton","7":"product_cat-tabaco","9":"first","10":"instock","11":"taxable","12":"shipping-taxable","13":"purchasable","14":"product-type-simple"},"_links":{"self":[{"href":"https:\/\/santaclarapuros.com\/club\/wp-json\/wp\/v2\/product\/982","targetHints":{"allow":["GET"]}}],"collection":[{"href":"https:\/\/santaclarapuros.com\/club\/wp-json\/wp\/v2\/product"}],"about":[{"href":"https:\/\/santaclarapuros.com\/club\/wp-json\/wp\/v2\/types\/product"}],"replies":[{"embeddable":true,"href":"https:\/\/santaclarapuros.com\/club\/wp-json\/wp\/v2\/comments?post=982"}],"wp:featuredmedia":[{"embeddable":true,"href":"https:\/\/santaclarapuros.com\/club\/wp-json\/wp\/v2\/media\/981"}],"wp:attachment":[{"href":"https:\/\/santaclarapuros.com\/club\/wp-json\/wp\/v2\/media?parent=982"}],"wp:term":[{"taxonomy":"product_brand","embeddable":true,"href":"https:\/\/santaclarapuros.com\/club\/wp-json\/wp\/v2\/product_brand?post=982"},{"taxonomy":"product_cat","embeddable":true,"href":"https:\/\/santaclarapuros.com\/club\/wp-json\/wp\/v2\/product_cat?post=982"},{"taxonomy":"product_tag","embeddable":true,"href":"https:\/\/santaclarapuros.com\/club\/wp-json\/wp\/v2\/product_tag?post=982"}],"curies":[{"name":"wp","href":"https:\/\/api.w.org\/{rel}","templated":true}]}}