{"id":938,"date":"2025-06-23T15:38:59","date_gmt":"2025-06-23T21:38:59","guid":{"rendered":"https:\/\/santaclarapuros.com\/club\/producto\/capa-flor-robusto-caja-con-5-puros\/"},"modified":"2026-02-12T14:11:57","modified_gmt":"2026-02-12T20:11:57","slug":"capa-flor-robusto-caja-con-5-puros","status":"publish","type":"product","link":"https:\/\/santaclarapuros.com\/club\/producto\/capa-flor-robusto-caja-con-5-puros\/","title":{"rendered":"CAPA FLOR ROBUSTO CAJA CON 5 PUROS"},"content":{"rendered":"<p>Por a\u00f1os, los ancestrales suelos del Valle de San Andres han producido excelentes tabacos que en silencio y en secreto han logrado ser uno de los puros preferidos por muchos consumidores, esto debido a sus excelentes capas y el especifico sabor que da sus tierras.<\/p>\n<p>Por mucho tiempo este valle ha producido tabaco para complementar mezclas de otros pa\u00edses. Capa flor ha salido a la luz p\u00fablica para demostrar que M\u00e9xico no solo produce tabacos de gran calidad, sino para mostrar que es plenamente capaz de producir un gran puro.<\/p>\n<table width=\"236\">\n<tbody>\n<tr>\n<td width=\"64\"><strong>Vitola<\/strong><\/td>\n<td width=\"172\">5 x 50<\/td>\n<\/tr>\n<tr>\n<td><strong>Tripa<\/strong><\/td>\n<td>Viso de Esteli Nicaragua, Maduro San Andres y Habano<\/td>\n<\/tr>\n<tr>\n<td><strong>Banda<\/strong><\/td>\n<td>Maduro San Andres<\/td>\n<\/tr>\n<tr>\n<td><strong>Capa<\/strong><\/td>\n<td>Habano Ecuador<\/td>\n<\/tr>\n<tr>\n<td><strong>Fortaleza<\/strong><\/td>\n<td>Medio a Fuerte<\/td>\n<\/tr>\n<\/tbody>\n<\/table>\n<p>&nbsp;<\/p>\n","protected":false},"excerpt":{"rendered":"<p>Por a\u00f1os, los ancestrales suelos del Valle de San Andres han producido excelentes tabacos que en silencio y en secreto han logrado ser uno de los puros preferidos por muchos consumidores, esto debido a sus excelentes capas y el especifico sabor que da sus tierras. Por mucho tiempo este valle ha producido tabaco para complementar &hellip; <\/p>\n","protected":false},"featured_media":937,"comment_status":"open","ping_status":"closed","template":"","meta":[],"product_brand":[],"product_cat":[38,62,25],"product_tag":[63],"class_list":{"0":"post-938","1":"product","2":"type-product","3":"status-publish","4":"has-post-thumbnail","6":"product_cat-capa-flor","7":"product_cat-ofertas","8":"product_cat-puros","9":"product_tag-ofertas","11":"first","12":"instock","13":"sale","14":"taxable","15":"shipping-taxable","16":"purchasable","17":"product-type-simple"},"_links":{"self":[{"href":"https:\/\/santaclarapuros.com\/club\/wp-json\/wp\/v2\/product\/938","targetHints":{"allow":["GET"]}}],"collection":[{"href":"https:\/\/santaclarapuros.com\/club\/wp-json\/wp\/v2\/product"}],"about":[{"href":"https:\/\/santaclarapuros.com\/club\/wp-json\/wp\/v2\/types\/product"}],"replies":[{"embeddable":true,"href":"https:\/\/santaclarapuros.com\/club\/wp-json\/wp\/v2\/comments?post=938"}],"wp:featuredmedia":[{"embeddable":true,"href":"https:\/\/santaclarapuros.com\/club\/wp-json\/wp\/v2\/media\/937"}],"wp:attachment":[{"href":"https:\/\/santaclarapuros.com\/club\/wp-json\/wp\/v2\/media?parent=938"}],"wp:term":[{"taxonomy":"product_brand","embeddable":true,"href":"https:\/\/santaclarapuros.com\/club\/wp-json\/wp\/v2\/product_brand?post=938"},{"taxonomy":"product_cat","embeddable":true,"href":"https:\/\/santaclarapuros.com\/club\/wp-json\/wp\/v2\/product_cat?post=938"},{"taxonomy":"product_tag","embeddable":true,"href":"https:\/\/santaclarapuros.com\/club\/wp-json\/wp\/v2\/product_tag?post=938"}],"curies":[{"name":"wp","href":"https:\/\/api.w.org\/{rel}","templated":true}]}}