{"id":906,"date":"2025-06-23T15:38:16","date_gmt":"2025-06-23T21:38:16","guid":{"rendered":"https:\/\/santaclarapuros.com\/club\/producto\/la-casta-robusto-tubo-de-cristal-con-1-puro-mestizo\/"},"modified":"2026-01-29T13:09:33","modified_gmt":"2026-01-29T19:09:33","slug":"la-casta-robusto-tubo-de-cristal-con-1-puro-mestizo","status":"publish","type":"product","link":"https:\/\/santaclarapuros.com\/club\/producto\/la-casta-robusto-tubo-de-cristal-con-1-puro-mestizo\/","title":{"rendered":"LA CASTA ROBUSTO TUBO DE CRISTAL CON 1 PURO MESTIZO"},"content":{"rendered":"<p>Es la fusi\u00f3n de sabidur\u00eda, de una larga tradici\u00f3n en la manufactura de puros y la siembra del tabaco, que por generaciones se ha preservado y que ahora deja su legado en nuestra orgullosa marca de tres l\u00edneas de puros, cada una de ellas con una mezcla de tabacos cuidadosamente seleccionados y con un sabor muy particular que, como concepto representan cada una de las castas surgidas del encuentro entre las razas del mundo: mestizo, mulato y criollo.<\/p>\n<p>Cada uno de los puros la casta posee un sabor de medio a fuerte, lleno de matices evidentes, que estamos seguros conquistar el paladar del conocedor m\u00e1s exigente con cada una de sus l\u00edneas.<\/p>\n<table width=\"236\">\n<tbody>\n<tr>\n<td width=\"64\"><strong>Vitola<\/strong><\/td>\n<td width=\"172\">5 x 50<\/td>\n<\/tr>\n<tr>\n<td><strong>Tripa<\/strong><\/td>\n<td>Viso de Esteli Nicaragua y Maduro San Andres<\/td>\n<\/tr>\n<tr>\n<td><strong>Banda<\/strong><\/td>\n<td>Maduro San Andres<\/td>\n<\/tr>\n<tr>\n<td><strong>Capa<\/strong><\/td>\n<td>Sumatra<\/td>\n<\/tr>\n<tr>\n<td><strong>Fortaleza<\/strong><\/td>\n<td>Medio a Fuerte<\/td>\n<\/tr>\n<\/tbody>\n<\/table>\n","protected":false},"excerpt":{"rendered":"<p>Es la fusi\u00f3n de sabidur\u00eda, de una larga tradici\u00f3n en la manufactura de puros y la siembra del tabaco, que por generaciones se ha preservado y que ahora deja su legado en nuestra orgullosa marca de tres l\u00edneas de puros, cada una de ellas con una mezcla de tabacos cuidadosamente seleccionados y con un sabor &hellip; <\/p>\n","protected":false},"featured_media":905,"comment_status":"open","ping_status":"closed","template":"","meta":[],"product_brand":[],"product_cat":[37,25],"product_tag":[],"class_list":{"0":"post-906","1":"product","2":"type-product","3":"status-publish","4":"has-post-thumbnail","6":"product_cat-la-casta","7":"product_cat-puros","9":"first","10":"instock","11":"taxable","12":"shipping-taxable","13":"purchasable","14":"product-type-simple"},"_links":{"self":[{"href":"https:\/\/santaclarapuros.com\/club\/wp-json\/wp\/v2\/product\/906","targetHints":{"allow":["GET"]}}],"collection":[{"href":"https:\/\/santaclarapuros.com\/club\/wp-json\/wp\/v2\/product"}],"about":[{"href":"https:\/\/santaclarapuros.com\/club\/wp-json\/wp\/v2\/types\/product"}],"replies":[{"embeddable":true,"href":"https:\/\/santaclarapuros.com\/club\/wp-json\/wp\/v2\/comments?post=906"}],"wp:featuredmedia":[{"embeddable":true,"href":"https:\/\/santaclarapuros.com\/club\/wp-json\/wp\/v2\/media\/905"}],"wp:attachment":[{"href":"https:\/\/santaclarapuros.com\/club\/wp-json\/wp\/v2\/media?parent=906"}],"wp:term":[{"taxonomy":"product_brand","embeddable":true,"href":"https:\/\/santaclarapuros.com\/club\/wp-json\/wp\/v2\/product_brand?post=906"},{"taxonomy":"product_cat","embeddable":true,"href":"https:\/\/santaclarapuros.com\/club\/wp-json\/wp\/v2\/product_cat?post=906"},{"taxonomy":"product_tag","embeddable":true,"href":"https:\/\/santaclarapuros.com\/club\/wp-json\/wp\/v2\/product_tag?post=906"}],"curies":[{"name":"wp","href":"https:\/\/api.w.org\/{rel}","templated":true}]}}