{"id":865,"date":"2025-06-23T15:37:18","date_gmt":"2025-06-23T21:37:18","guid":{"rendered":"https:\/\/santaclarapuros.com\/club\/producto\/aromas-san-andres-cetros-caja-con-5-puros\/"},"modified":"2026-01-29T13:09:31","modified_gmt":"2026-01-29T19:09:31","slug":"aromas-san-andres-cetros-caja-con-5-puros","status":"publish","type":"product","link":"https:\/\/santaclarapuros.com\/club\/producto\/aromas-san-andres-cetros-caja-con-5-puros\/","title":{"rendered":"AROMAS SAN ANDRES CETROS CAJA CON 5 PUROS"},"content":{"rendered":"<p>Nuestro orgullo, tradici\u00f3n, experiencia, esfuerzo y dedicaci\u00f3n se transforman en su placer al disfrutar un buen puro. Se convierte en? Aromas de San Andr\u00e9s.<\/p>\n<p>Hecho a mano solo por nuestros mejores roladores para los aficionados a los puros m\u00e1s exigente.<\/p>\n<table width=\"236\">\n<tbody>\n<tr>\n<td width=\"64\"><strong>Vitola<\/strong><\/td>\n<td width=\"172\">6 x 44<\/td>\n<\/tr>\n<tr>\n<td><strong>Tripa<\/strong><\/td>\n<td>Mezcla de Tabaco Criollo San Andres<\/td>\n<\/tr>\n<tr>\n<td><strong>Banda<\/strong><\/td>\n<td>San Andr\u00e9s Morron Obscuro<\/td>\n<\/tr>\n<tr>\n<td><strong>Capa<\/strong><\/td>\n<td>Fina Clara San Andres<\/td>\n<\/tr>\n<tr>\n<td><strong>Fortaleza<\/strong><\/td>\n<td>Suave a Medio<\/td>\n<\/tr>\n<\/tbody>\n<\/table>\n","protected":false},"excerpt":{"rendered":"<p>Nuestro orgullo, tradici\u00f3n, experiencia, esfuerzo y dedicaci\u00f3n se transforman en su placer al disfrutar un buen puro. Se convierte en? Aromas de San Andr\u00e9s. Hecho a mano solo por nuestros mejores roladores para los aficionados a los puros m\u00e1s exigente. Vitola 6 x 44 Tripa Mezcla de Tabaco Criollo San Andres Banda San Andr\u00e9s Morron &hellip; <\/p>\n","protected":false},"featured_media":1734,"comment_status":"open","ping_status":"closed","template":"","meta":[],"product_brand":[],"product_cat":[36,25],"product_tag":[],"class_list":{"0":"post-865","1":"product","2":"type-product","3":"status-publish","4":"has-post-thumbnail","6":"product_cat-aromas","7":"product_cat-puros","9":"first","10":"instock","11":"taxable","12":"shipping-taxable","13":"purchasable","14":"product-type-simple"},"_links":{"self":[{"href":"https:\/\/santaclarapuros.com\/club\/wp-json\/wp\/v2\/product\/865","targetHints":{"allow":["GET"]}}],"collection":[{"href":"https:\/\/santaclarapuros.com\/club\/wp-json\/wp\/v2\/product"}],"about":[{"href":"https:\/\/santaclarapuros.com\/club\/wp-json\/wp\/v2\/types\/product"}],"replies":[{"embeddable":true,"href":"https:\/\/santaclarapuros.com\/club\/wp-json\/wp\/v2\/comments?post=865"}],"wp:featuredmedia":[{"embeddable":true,"href":"https:\/\/santaclarapuros.com\/club\/wp-json\/wp\/v2\/media\/1734"}],"wp:attachment":[{"href":"https:\/\/santaclarapuros.com\/club\/wp-json\/wp\/v2\/media?parent=865"}],"wp:term":[{"taxonomy":"product_brand","embeddable":true,"href":"https:\/\/santaclarapuros.com\/club\/wp-json\/wp\/v2\/product_brand?post=865"},{"taxonomy":"product_cat","embeddable":true,"href":"https:\/\/santaclarapuros.com\/club\/wp-json\/wp\/v2\/product_cat?post=865"},{"taxonomy":"product_tag","embeddable":true,"href":"https:\/\/santaclarapuros.com\/club\/wp-json\/wp\/v2\/product_tag?post=865"}],"curies":[{"name":"wp","href":"https:\/\/api.w.org\/{rel}","templated":true}]}}