{"id":744,"date":"2025-06-23T15:34:31","date_gmt":"2025-06-23T21:34:31","guid":{"rendered":"https:\/\/santaclarapuros.com\/club\/producto\/santa-clara-1830-gran-reserva-quino-caja-con-20-puros\/"},"modified":"2026-01-29T13:09:28","modified_gmt":"2026-01-29T19:09:28","slug":"santa-clara-1830-gran-reserva-quino-caja-con-20-puros","status":"publish","type":"product","link":"https:\/\/santaclarapuros.com\/club\/producto\/santa-clara-1830-gran-reserva-quino-caja-con-20-puros\/","title":{"rendered":"SANTA CLARA 1830-GRAN RESERVA QUINO CAJA CON 20 PUROS"},"content":{"rendered":"<p>Este puro representa nuestra tradici\u00f3n de casi 2 siglos en el arte del tabaco. Es un favorito entre los conocedores y representa la firme determinaci\u00f3n de la empresa de proporcionar un producto \u00fanico.<\/p>\n<p>Santa Clara 1830 es el puro ideal para quienes saben apreciar de la paciencia del a\u00f1ejamiento de un buen tabaco<\/p>\n<table width=\"236\">\n<tbody>\n<tr>\n<td width=\"64\"><strong>Vitola<\/strong><\/td>\n<td width=\"172\">4 1\/4 X30<\/td>\n<\/tr>\n<tr>\n<td><strong>Tripa<\/strong><\/td>\n<td>Piloto Cubano y Tripa de San Andr\u00e9s Reserva<\/td>\n<\/tr>\n<tr>\n<td><strong>Banda<\/strong><\/td>\n<td>Morr\u00f3n Reserva de San Andres<\/td>\n<\/tr>\n<tr>\n<td><strong>Capa<\/strong><\/td>\n<td>Capa Fina (rosado claro)<\/td>\n<\/tr>\n<tr>\n<td><strong>Fortaleza<\/strong><\/td>\n<td>Medio<\/td>\n<\/tr>\n<\/tbody>\n<\/table>\n","protected":false},"excerpt":{"rendered":"<p>Este puro representa nuestra tradici\u00f3n de casi 2 siglos en el arte del tabaco. Es un favorito entre los conocedores y representa la firme determinaci\u00f3n de la empresa de proporcionar un producto \u00fanico. Santa Clara 1830 es el puro ideal para quienes saben apreciar de la paciencia del a\u00f1ejamiento de un buen tabaco Vitola 4 &hellip; <\/p>\n","protected":false},"featured_media":743,"comment_status":"open","ping_status":"closed","template":"","meta":[],"product_brand":[],"product_cat":[25,34],"product_tag":[],"class_list":{"0":"post-744","1":"product","2":"type-product","3":"status-publish","4":"has-post-thumbnail","6":"product_cat-puros","7":"product_cat-sc1830","9":"first","10":"instock","11":"taxable","12":"shipping-taxable","13":"purchasable","14":"product-type-simple"},"_links":{"self":[{"href":"https:\/\/santaclarapuros.com\/club\/wp-json\/wp\/v2\/product\/744","targetHints":{"allow":["GET"]}}],"collection":[{"href":"https:\/\/santaclarapuros.com\/club\/wp-json\/wp\/v2\/product"}],"about":[{"href":"https:\/\/santaclarapuros.com\/club\/wp-json\/wp\/v2\/types\/product"}],"replies":[{"embeddable":true,"href":"https:\/\/santaclarapuros.com\/club\/wp-json\/wp\/v2\/comments?post=744"}],"wp:featuredmedia":[{"embeddable":true,"href":"https:\/\/santaclarapuros.com\/club\/wp-json\/wp\/v2\/media\/743"}],"wp:attachment":[{"href":"https:\/\/santaclarapuros.com\/club\/wp-json\/wp\/v2\/media?parent=744"}],"wp:term":[{"taxonomy":"product_brand","embeddable":true,"href":"https:\/\/santaclarapuros.com\/club\/wp-json\/wp\/v2\/product_brand?post=744"},{"taxonomy":"product_cat","embeddable":true,"href":"https:\/\/santaclarapuros.com\/club\/wp-json\/wp\/v2\/product_cat?post=744"},{"taxonomy":"product_tag","embeddable":true,"href":"https:\/\/santaclarapuros.com\/club\/wp-json\/wp\/v2\/product_tag?post=744"}],"curies":[{"name":"wp","href":"https:\/\/api.w.org\/{rel}","templated":true}]}}