{"id":482,"date":"2025-06-23T14:26:30","date_gmt":"2025-06-23T20:26:30","guid":{"rendered":"https:\/\/santaclarapuros.com\/club\/producto\/humidor-for-75c-cedar-color\/"},"modified":"2026-01-29T13:09:19","modified_gmt":"2026-01-29T19:09:19","slug":"humidor-for-75c-cedar-color","status":"publish","type":"product","link":"https:\/\/santaclarapuros.com\/club\/producto\/humidor-for-75c-cedar-color\/","title":{"rendered":"HUMIDOR FOR 75C CEDAR COLOR"},"content":{"rendered":"<p>Humidor marca Park Lane color cedro con almacenamiento para 75 puros cuenta con sistema de humidificaci\u00f3n e higr\u00f3metro. Incluye cortapuros, l\u00edquido humidificador y placa para personalizar. Dise\u00f1o con bordes biselados.<\/p>\n","protected":false},"excerpt":{"rendered":"<p>Humidor marca Park Lane color cedro con almacenamiento para 75 puros cuenta con sistema de humidificaci\u00f3n e higr\u00f3metro. Incluye cortapuros, l\u00edquido humidificador y placa para personalizar. Dise\u00f1o con bordes biselados.<\/p>\n","protected":false},"featured_media":481,"comment_status":"open","ping_status":"closed","template":"","meta":[],"product_brand":[],"product_cat":[23],"product_tag":[],"class_list":{"0":"post-482","1":"product","2":"type-product","3":"status-publish","4":"has-post-thumbnail","6":"product_cat-humidores","8":"first","9":"instock","10":"taxable","11":"shipping-taxable","12":"purchasable","13":"product-type-simple"},"_links":{"self":[{"href":"https:\/\/santaclarapuros.com\/club\/wp-json\/wp\/v2\/product\/482","targetHints":{"allow":["GET"]}}],"collection":[{"href":"https:\/\/santaclarapuros.com\/club\/wp-json\/wp\/v2\/product"}],"about":[{"href":"https:\/\/santaclarapuros.com\/club\/wp-json\/wp\/v2\/types\/product"}],"replies":[{"embeddable":true,"href":"https:\/\/santaclarapuros.com\/club\/wp-json\/wp\/v2\/comments?post=482"}],"wp:featuredmedia":[{"embeddable":true,"href":"https:\/\/santaclarapuros.com\/club\/wp-json\/wp\/v2\/media\/481"}],"wp:attachment":[{"href":"https:\/\/santaclarapuros.com\/club\/wp-json\/wp\/v2\/media?parent=482"}],"wp:term":[{"taxonomy":"product_brand","embeddable":true,"href":"https:\/\/santaclarapuros.com\/club\/wp-json\/wp\/v2\/product_brand?post=482"},{"taxonomy":"product_cat","embeddable":true,"href":"https:\/\/santaclarapuros.com\/club\/wp-json\/wp\/v2\/product_cat?post=482"},{"taxonomy":"product_tag","embeddable":true,"href":"https:\/\/santaclarapuros.com\/club\/wp-json\/wp\/v2\/product_tag?post=482"}],"curies":[{"name":"wp","href":"https:\/\/api.w.org\/{rel}","templated":true}]}}