{"id":324,"date":"2025-06-23T14:24:16","date_gmt":"2025-06-23T20:24:16","guid":{"rendered":"https:\/\/santaclarapuros.com\/club\/producto\/humidor-park-lane-para-30-puros-negro-brillante-con-accesorios-niquelados\/"},"modified":"2026-01-29T13:09:15","modified_gmt":"2026-01-29T19:09:15","slug":"humidor-park-lane-para-30-puros-negro-brillante-con-accesorios-niquelados","status":"publish","type":"product","link":"https:\/\/santaclarapuros.com\/club\/producto\/humidor-park-lane-para-30-puros-negro-brillante-con-accesorios-niquelados\/","title":{"rendered":"HUMIDOR PARK LANE PARA 30 PUROS NEGRO BRILLANTE CON ACCESORIOS NIQUELADOS"},"content":{"rendered":"<p>Park Lane se ha hecho de un gran prestigio en el mercado del tabaco con la fabricaci\u00f3n de Humidores para puros. Modelos innovadores con gran diversidad en tonos y acabados han colocado a esta marca en lista de mayor renombre en el sector.<\/p>\n<p>Este humidor Park Lane puede almacenar hasta 30 puros o mas dependiendo del tama\u00f1o o vitola. La tapa de madera al interior cuenta con humidificador y en la parte frontal de la caja cuenta con higr\u00f3metro anal\u00f3gico, con el cual podr\u00e1 regular la temperatura de acuerdo al ambiente en el que se encuentre.<\/p>\n<p>Porque la elegancia, el dise\u00f1o y la calidad existen. Bajo un estricto control de calidad y experiencia en artesan\u00eda, se hizo una gran combinaci\u00f3n para crear algunos productos de madera \u00fanicos. Conserve sus puros siempre con las condiciones de almacenamiento optimas, con una humedad y temperatura constantes id\u00f3neas para que no pierdan su aroma y sabor original.<\/p>\n","protected":false},"excerpt":{"rendered":"<p>Park Lane se ha hecho de un gran prestigio en el mercado del tabaco con la fabricaci\u00f3n de Humidores para puros. Modelos innovadores con gran diversidad en tonos y acabados han colocado a esta marca en lista de mayor renombre en el sector. Este humidor Park Lane puede almacenar hasta 30 puros o mas dependiendo &hellip; <\/p>\n","protected":false},"featured_media":323,"comment_status":"open","ping_status":"closed","template":"","meta":[],"product_brand":[],"product_cat":[23],"product_tag":[],"class_list":{"0":"post-324","1":"product","2":"type-product","3":"status-publish","4":"has-post-thumbnail","6":"product_cat-humidores","8":"first","9":"instock","10":"taxable","11":"shipping-taxable","12":"purchasable","13":"product-type-simple"},"_links":{"self":[{"href":"https:\/\/santaclarapuros.com\/club\/wp-json\/wp\/v2\/product\/324","targetHints":{"allow":["GET"]}}],"collection":[{"href":"https:\/\/santaclarapuros.com\/club\/wp-json\/wp\/v2\/product"}],"about":[{"href":"https:\/\/santaclarapuros.com\/club\/wp-json\/wp\/v2\/types\/product"}],"replies":[{"embeddable":true,"href":"https:\/\/santaclarapuros.com\/club\/wp-json\/wp\/v2\/comments?post=324"}],"wp:featuredmedia":[{"embeddable":true,"href":"https:\/\/santaclarapuros.com\/club\/wp-json\/wp\/v2\/media\/323"}],"wp:attachment":[{"href":"https:\/\/santaclarapuros.com\/club\/wp-json\/wp\/v2\/media?parent=324"}],"wp:term":[{"taxonomy":"product_brand","embeddable":true,"href":"https:\/\/santaclarapuros.com\/club\/wp-json\/wp\/v2\/product_brand?post=324"},{"taxonomy":"product_cat","embeddable":true,"href":"https:\/\/santaclarapuros.com\/club\/wp-json\/wp\/v2\/product_cat?post=324"},{"taxonomy":"product_tag","embeddable":true,"href":"https:\/\/santaclarapuros.com\/club\/wp-json\/wp\/v2\/product_tag?post=324"}],"curies":[{"name":"wp","href":"https:\/\/api.w.org\/{rel}","templated":true}]}}