{"id":1977,"date":"2025-11-06T09:51:51","date_gmt":"2025-11-06T15:51:51","guid":{"rendered":"https:\/\/santaclarapuros.com\/club\/?post_type=product&#038;p=1977"},"modified":"2026-04-03T03:20:20","modified_gmt":"2026-04-03T09:20:20","slug":"aromas-de-san-andres-robusto-tubo-de-aluminio-con-un-puro","status":"publish","type":"product","link":"https:\/\/santaclarapuros.com\/club\/producto\/aromas-de-san-andres-robusto-tubo-de-aluminio-con-un-puro\/","title":{"rendered":"AROMAS DE SAN ANDRES ROBUSTO TUBO DE ALUMINIO CON UN PURO"},"content":{"rendered":"<p>Nuestro orgullo, tradici\u00f3n, experiencia, esfuerzo y dedicaci\u00f3n se transforman en su placer al disfrutar un buen puro. Se convierte en\u2026 Aromas de San Andr\u00e9s.<\/p>\n<p>Hecho a mano solo por nuestros mejores roladores para los aficionados a los puros m\u00e1s exigente.<\/p>\n<table width=\"236\">\n<tbody>\n<tr>\n<td width=\"64\"><strong>Vitola<\/strong><\/td>\n<td width=\"172\">5 x 50<\/td>\n<\/tr>\n<tr>\n<td><strong>Tripa<\/strong><\/td>\n<td>Mezcla de Tabaco Criollo San Andres<\/td>\n<\/tr>\n<tr>\n<td><strong>Banda<\/strong><\/td>\n<td>San Andr\u00e9s Morron Obscuro<\/td>\n<\/tr>\n<tr>\n<td><strong>Capa<\/strong><\/td>\n<td>Fina Clara San Andres<\/td>\n<\/tr>\n<tr>\n<td><strong>Fortaleza<\/strong><\/td>\n<td>Suave a Medio<\/td>\n<\/tr>\n<\/tbody>\n<\/table>\n","protected":false},"excerpt":{"rendered":"<p>Nuestro orgullo, tradici\u00f3n, experiencia, esfuerzo y dedicaci\u00f3n se transforman en su placer al disfrutar un buen puro. Se convierte en\u2026 Aromas de San Andr\u00e9s. Hecho a mano solo por nuestros mejores roladores para los aficionados a los puros m\u00e1s exigente. Vitola 5 x 50 Tripa Mezcla de Tabaco Criollo San Andres Banda San Andr\u00e9s Morron &hellip; <\/p>\n","protected":false},"featured_media":1976,"comment_status":"open","ping_status":"closed","template":"","meta":[],"product_brand":[],"product_cat":[36,65,25],"product_tag":[],"class_list":{"0":"post-1977","1":"product","2":"type-product","3":"status-publish","4":"has-post-thumbnail","6":"product_cat-aromas","7":"product_cat-individual","8":"product_cat-puros","10":"first","11":"instock","12":"taxable","13":"shipping-taxable","14":"purchasable","15":"product-type-simple"},"_links":{"self":[{"href":"https:\/\/santaclarapuros.com\/club\/wp-json\/wp\/v2\/product\/1977","targetHints":{"allow":["GET"]}}],"collection":[{"href":"https:\/\/santaclarapuros.com\/club\/wp-json\/wp\/v2\/product"}],"about":[{"href":"https:\/\/santaclarapuros.com\/club\/wp-json\/wp\/v2\/types\/product"}],"replies":[{"embeddable":true,"href":"https:\/\/santaclarapuros.com\/club\/wp-json\/wp\/v2\/comments?post=1977"}],"wp:featuredmedia":[{"embeddable":true,"href":"https:\/\/santaclarapuros.com\/club\/wp-json\/wp\/v2\/media\/1976"}],"wp:attachment":[{"href":"https:\/\/santaclarapuros.com\/club\/wp-json\/wp\/v2\/media?parent=1977"}],"wp:term":[{"taxonomy":"product_brand","embeddable":true,"href":"https:\/\/santaclarapuros.com\/club\/wp-json\/wp\/v2\/product_brand?post=1977"},{"taxonomy":"product_cat","embeddable":true,"href":"https:\/\/santaclarapuros.com\/club\/wp-json\/wp\/v2\/product_cat?post=1977"},{"taxonomy":"product_tag","embeddable":true,"href":"https:\/\/santaclarapuros.com\/club\/wp-json\/wp\/v2\/product_tag?post=1977"}],"curies":[{"name":"wp","href":"https:\/\/api.w.org\/{rel}","templated":true}]}}