{"id":1131,"date":"2025-06-23T15:41:45","date_gmt":"2025-06-23T21:41:45","guid":{"rendered":"https:\/\/santaclarapuros.com\/club\/producto\/santa-clara-1830-special-edition-4-paquete-con-20-puros\/"},"modified":"2026-01-29T13:09:40","modified_gmt":"2026-01-29T19:09:40","slug":"santa-clara-1830-special-edition-4-paquete-con-20-puros","status":"publish","type":"product","link":"https:\/\/santaclarapuros.com\/club\/producto\/santa-clara-1830-special-edition-4-paquete-con-20-puros\/","title":{"rendered":"SANTA CLARA 1830-SPECIAL EDITION # 4 PAQUETE CON 20 PUROS"},"content":{"rendered":"<p>Con Santa Clara Special Edition, hemos logrado una mezcla que re\u00fane caracter\u00edsticas similares. Por primera vez usamos Piloto Cubano con Morr\u00f3n de San Andr\u00e9s y la incomparable suavidad y color de la capa Connecticut.<\/p>\n<p>Empaquetado en una caja \u00fanica y hermosa en forma de diamante con un higr\u00f3metro, la Edici\u00f3n Especial de Santa Clara es el \u00fanico cigarro en el mundo que tiene una calidad garantizada.<\/p>\n<table width=\"236\">\n<tbody>\n<tr>\n<td width=\"64\"><strong>Vitola<\/strong><\/td>\n<td width=\"172\">5 X 44<\/td>\n<\/tr>\n<tr>\n<td><strong>Tripa<\/strong><\/td>\n<td>Tlapacoya selection and Ligero San Andres<\/td>\n<\/tr>\n<tr>\n<td><strong>Banda<\/strong><\/td>\n<td>Supreme binder Creole San Andres<\/td>\n<\/tr>\n<tr>\n<td><strong>Capa<\/strong><\/td>\n<td>Habano from Ecuador<\/td>\n<\/tr>\n<tr>\n<td><strong>Fortaleza<\/strong><\/td>\n<td>Medio<\/td>\n<\/tr>\n<\/tbody>\n<\/table>\n","protected":false},"excerpt":{"rendered":"<p>Con Santa Clara Special Edition, hemos logrado una mezcla que re\u00fane caracter\u00edsticas similares. Por primera vez usamos Piloto Cubano con Morr\u00f3n de San Andr\u00e9s y la incomparable suavidad y color de la capa Connecticut. Empaquetado en una caja \u00fanica y hermosa en forma de diamante con un higr\u00f3metro, la Edici\u00f3n Especial de Santa Clara es &hellip; <\/p>\n","protected":false},"featured_media":1130,"comment_status":"open","ping_status":"closed","template":"","meta":[],"product_brand":[],"product_cat":[25,34],"product_tag":[],"class_list":{"0":"post-1131","1":"product","2":"type-product","3":"status-publish","4":"has-post-thumbnail","6":"product_cat-puros","7":"product_cat-sc1830","9":"first","10":"instock","11":"taxable","12":"shipping-taxable","13":"purchasable","14":"product-type-simple"},"_links":{"self":[{"href":"https:\/\/santaclarapuros.com\/club\/wp-json\/wp\/v2\/product\/1131","targetHints":{"allow":["GET"]}}],"collection":[{"href":"https:\/\/santaclarapuros.com\/club\/wp-json\/wp\/v2\/product"}],"about":[{"href":"https:\/\/santaclarapuros.com\/club\/wp-json\/wp\/v2\/types\/product"}],"replies":[{"embeddable":true,"href":"https:\/\/santaclarapuros.com\/club\/wp-json\/wp\/v2\/comments?post=1131"}],"wp:featuredmedia":[{"embeddable":true,"href":"https:\/\/santaclarapuros.com\/club\/wp-json\/wp\/v2\/media\/1130"}],"wp:attachment":[{"href":"https:\/\/santaclarapuros.com\/club\/wp-json\/wp\/v2\/media?parent=1131"}],"wp:term":[{"taxonomy":"product_brand","embeddable":true,"href":"https:\/\/santaclarapuros.com\/club\/wp-json\/wp\/v2\/product_brand?post=1131"},{"taxonomy":"product_cat","embeddable":true,"href":"https:\/\/santaclarapuros.com\/club\/wp-json\/wp\/v2\/product_cat?post=1131"},{"taxonomy":"product_tag","embeddable":true,"href":"https:\/\/santaclarapuros.com\/club\/wp-json\/wp\/v2\/product_tag?post=1131"}],"curies":[{"name":"wp","href":"https:\/\/api.w.org\/{rel}","templated":true}]}}