{"id":1103,"date":"2025-06-23T15:41:28","date_gmt":"2025-06-23T21:41:28","guid":{"rendered":"https:\/\/santaclarapuros.com\/club\/producto\/hacienda-veracruz-short-robusto-mazo-con-12-puros\/"},"modified":"2026-04-12T20:05:26","modified_gmt":"2026-04-13T02:05:26","slug":"hacienda-veracruz-short-robusto-mazo-con-12-puros","status":"publish","type":"product","link":"https:\/\/santaclarapuros.com\/club\/producto\/hacienda-veracruz-short-robusto-mazo-con-12-puros\/","title":{"rendered":"HACIENDA VERACRUZ SHORT ROBUSTO MAZO CON 12 PUROS"},"content":{"rendered":"<p>El sabor de este cigarro es \u00fanico en comparaci\u00f3n con muchos paquetes comunes en el mercado, nuestros cigarros Hacienda Veracruz mantienen la tradici\u00f3n y el orgullo de nuestra tierra y ofrecen una maravillosa calada y combusti\u00f3n mientras se fuma.<\/p>\n<table width=\"236\">\n<tbody>\n<tr>\n<td width=\"64\"><strong>Vitola<\/strong><\/td>\n<td width=\"172\">4 X 50<\/td>\n<\/tr>\n<tr>\n<td><strong>Tripa<\/strong><\/td>\n<td>Una mezcla de relleno corto de San Andres<\/td>\n<\/tr>\n<tr>\n<td><strong>Banda<\/strong><\/td>\n<td>San Andres Morron<\/td>\n<\/tr>\n<tr>\n<td><strong>Capa<\/strong><\/td>\n<td>Natural San Andres<\/td>\n<\/tr>\n<tr>\n<td><strong>Fortaleza<\/strong><\/td>\n<td>Medio<\/td>\n<\/tr>\n<\/tbody>\n<\/table>\n","protected":false},"excerpt":{"rendered":"<p><strong>Presentaci\u00f3n:<\/strong> Mazo<br \/>\n<strong>Marca:<\/strong> Hacienda Veracruz<br \/>\n<strong>Tama\u00f1o:<\/strong> Short Robusto<br \/>\n<strong>Cantidad:<\/strong> 12 puros<\/p>\n","protected":false},"featured_media":1102,"comment_status":"open","ping_status":"closed","template":"","meta":[],"product_brand":[],"product_cat":[25,34],"product_tag":[],"class_list":{"0":"post-1103","1":"product","2":"type-product","3":"status-publish","4":"has-post-thumbnail","6":"product_cat-puros","7":"product_cat-sc1830","9":"first","10":"instock","11":"taxable","12":"shipping-taxable","13":"purchasable","14":"product-type-simple"},"_links":{"self":[{"href":"https:\/\/santaclarapuros.com\/club\/wp-json\/wp\/v2\/product\/1103","targetHints":{"allow":["GET"]}}],"collection":[{"href":"https:\/\/santaclarapuros.com\/club\/wp-json\/wp\/v2\/product"}],"about":[{"href":"https:\/\/santaclarapuros.com\/club\/wp-json\/wp\/v2\/types\/product"}],"replies":[{"embeddable":true,"href":"https:\/\/santaclarapuros.com\/club\/wp-json\/wp\/v2\/comments?post=1103"}],"wp:featuredmedia":[{"embeddable":true,"href":"https:\/\/santaclarapuros.com\/club\/wp-json\/wp\/v2\/media\/1102"}],"wp:attachment":[{"href":"https:\/\/santaclarapuros.com\/club\/wp-json\/wp\/v2\/media?parent=1103"}],"wp:term":[{"taxonomy":"product_brand","embeddable":true,"href":"https:\/\/santaclarapuros.com\/club\/wp-json\/wp\/v2\/product_brand?post=1103"},{"taxonomy":"product_cat","embeddable":true,"href":"https:\/\/santaclarapuros.com\/club\/wp-json\/wp\/v2\/product_cat?post=1103"},{"taxonomy":"product_tag","embeddable":true,"href":"https:\/\/santaclarapuros.com\/club\/wp-json\/wp\/v2\/product_tag?post=1103"}],"curies":[{"name":"wp","href":"https:\/\/api.w.org\/{rel}","templated":true}]}}