{"id":1032,"date":"2025-06-23T15:40:46","date_gmt":"2025-06-23T21:40:46","guid":{"rendered":"https:\/\/santaclarapuros.com\/club\/producto\/madrigal-matador-churchill-mazo-con-10-puros\/"},"modified":"2026-01-29T13:09:37","modified_gmt":"2026-01-29T19:09:37","slug":"madrigal-matador-churchill-mazo-con-10-puros","status":"publish","type":"product","link":"https:\/\/santaclarapuros.com\/club\/producto\/madrigal-matador-churchill-mazo-con-10-puros\/","title":{"rendered":"MADRIGAL MATADOR CHURCHILL MAZO CON 10 PUROS"},"content":{"rendered":"<p>Madrigal Matador, un puro premium con mezcla de tabacos de San Andres y Nicaragua, con un a\u00f1ejamiento de 3 a\u00f1os. Con una esplendida capa maduro colorado San Andres, a la vista, la perfecci\u00f3n en color, textura y aroma. Una verdadera experiencia!<\/p>\n<table width=\"236\">\n<tbody>\n<tr>\n<td width=\"64\"><strong>Vitola<\/strong><\/td>\n<td width=\"172\">6 X 50<\/td>\n<\/tr>\n<tr>\n<td><strong>Tripa<\/strong><\/td>\n<td>Viso Esteli<\/td>\n<\/tr>\n<tr>\n<td><strong>Banda<\/strong><\/td>\n<td>Maduro San Andres<\/td>\n<\/tr>\n<tr>\n<td><strong>Capa<\/strong><\/td>\n<td>San Andres Maduro Colorado<\/td>\n<\/tr>\n<tr>\n<td><strong>Fortaleza<\/strong><\/td>\n<td>Medio<\/td>\n<\/tr>\n<\/tbody>\n<\/table>\n","protected":false},"excerpt":{"rendered":"<p><strong>Presentaci\u00f3n:<\/strong> Mazo<br \/>\n<strong>Marca:<\/strong> Madrigal Matador<br \/>\n<strong>Tama\u00f1o:<\/strong> Churchill<br \/>\n<strong>Cantidad:<\/strong> 10 Puros<\/p>\n","protected":false},"featured_media":1031,"comment_status":"open","ping_status":"closed","template":"","meta":[],"product_brand":[],"product_cat":[39,25],"product_tag":[],"class_list":{"0":"post-1032","1":"product","2":"type-product","3":"status-publish","4":"has-post-thumbnail","6":"product_cat-madrigal","7":"product_cat-puros","9":"first","10":"outofstock","11":"taxable","12":"shipping-taxable","13":"purchasable","14":"product-type-simple"},"_links":{"self":[{"href":"https:\/\/santaclarapuros.com\/club\/wp-json\/wp\/v2\/product\/1032","targetHints":{"allow":["GET"]}}],"collection":[{"href":"https:\/\/santaclarapuros.com\/club\/wp-json\/wp\/v2\/product"}],"about":[{"href":"https:\/\/santaclarapuros.com\/club\/wp-json\/wp\/v2\/types\/product"}],"replies":[{"embeddable":true,"href":"https:\/\/santaclarapuros.com\/club\/wp-json\/wp\/v2\/comments?post=1032"}],"wp:featuredmedia":[{"embeddable":true,"href":"https:\/\/santaclarapuros.com\/club\/wp-json\/wp\/v2\/media\/1031"}],"wp:attachment":[{"href":"https:\/\/santaclarapuros.com\/club\/wp-json\/wp\/v2\/media?parent=1032"}],"wp:term":[{"taxonomy":"product_brand","embeddable":true,"href":"https:\/\/santaclarapuros.com\/club\/wp-json\/wp\/v2\/product_brand?post=1032"},{"taxonomy":"product_cat","embeddable":true,"href":"https:\/\/santaclarapuros.com\/club\/wp-json\/wp\/v2\/product_cat?post=1032"},{"taxonomy":"product_tag","embeddable":true,"href":"https:\/\/santaclarapuros.com\/club\/wp-json\/wp\/v2\/product_tag?post=1032"}],"curies":[{"name":"wp","href":"https:\/\/api.w.org\/{rel}","templated":true}]}}