{"id":87,"date":"2025-05-14T16:31:57","date_gmt":"2025-05-14T22:31:57","guid":{"rendered":"https:\/\/santaclarapuros.com\/club\/?page_id=87"},"modified":"2025-07-18T15:51:52","modified_gmt":"2025-07-18T21:51:52","slug":"terminos-y-condiciones","status":"publish","type":"page","link":"https:\/\/santaclarapuros.com\/club\/terminos-y-condiciones\/","title":{"rendered":"T\u00e9rminos y Condiciones"},"content":{"rendered":"\n<h1 class=\"wp-block-heading\"><a>T\u00c9RMINOS Y CONDICIONES<\/a> &nbsp;&nbsp;<\/h1>\n\n\n\n<p>Los presentes T\u00e9rminos y Condiciones de Venta se aplicar\u00e1n a las operaciones de venta de Productos que \u201cClub Humidor 1830\u201d comercializa por medios electr\u00f3nicos, en sucursal o por tel\u00e9fono.\u00a0<\/p>\n\n\n\n<h1 class=\"wp-block-heading\"><a><\/a><a>DEFINICIONES<\/a><\/h1>\n\n\n\n<ol style=\"list-style-type:1\" class=\"wp-block-list\">\n<li><strong>Env\u00edo:<\/strong> tiempo que tarda el equipo en salir de las instalaciones \u201cCLUB HUMIDOR 1830\u201d.<\/li>\n\n\n\n<li><strong>Precio:<\/strong> se entender\u00e1 el precio o precios designados por CLUB HUMIDOR 1830 para los Productos. Se podr\u00e1n aplicar diferentes Precios para un mismo producto seg\u00fan las caracter\u00edsticas del mismo.<\/li>\n\n\n\n<li><strong>Productos:<\/strong> el equipo, documentaci\u00f3n, accesorios, suministros, piezas de repuesto y mejoras que \u201cCLUB HUMIDOR 1830\u201d determine disponibles a la recepci\u00f3n del pedido del Cliente. Por &#8220;Productos personalizados&#8221; se entender\u00e1n los productos que hayan sido modificados, dise\u00f1ados o fabricados para satisfacer los requerimientos del Cliente.<\/li>\n\n\n\n<li><strong>Especificaciones:<\/strong> la informaci\u00f3n t\u00e9cnica espec\u00edfica sobre los Productos contenida en los manuales y las hojas t\u00e9cnicas de datos de los Productos entra en vigor en la fecha en la que \u201cCLUB HUMIDOR 1830\u201d env\u00ede el pedido del Cliente.<\/li>\n\n\n\n<li><strong>Sitio CLUB HUMIDOR 1830:<\/strong> es la p\u00e1gina web que \u201cCLUB HUMIDOR 1830\u201d pone a disposici\u00f3n del Cliente para realizar pedidos de Productos.<\/li>\n<\/ol>\n\n\n\n<h1 class=\"wp-block-heading\"><a><\/a><a>AMBITO DE APLICACI\u00d3N<\/a><\/h1>\n\n\n\n<p>Los presentes T\u00e9rminos y Condiciones de Venta se aplicar\u00e1n a las ventas realizadas por \u201cCLUB HUMIDOR 1830\u201d a Clientes residentes en M\u00e9xico.\u00a0\u00a0<\/p>\n\n\n\n<h1 class=\"wp-block-heading\"><a><\/a><a>PRECIOS<\/a><\/h1>\n\n\n\n<ol style=\"list-style-type:1\" class=\"wp-block-list\">\n<li>Los precios y los gastos de Entrega v\u00e1lidos ser\u00e1n los indicados por \u201cCLUB HUMIDOR 1830\u201d en la fecha en que el Cliente realice el pedido. Los precios ser\u00e1n v\u00e1lidos durante el periodo indicado por \u201cCLUB HUMIDOR 1830\u201d. Las modificaciones de los pedidos que prolonguen la Entrega m\u00e1s all\u00e1 del periodo de validez, se entender\u00e1n como pedidos nuevos a los que se aplicar\u00e1n los precios vigentes en el momento en que \u201cCLUB HUMIDOR 1830\u201d reciba la modificaci\u00f3n de los pedidos.<\/li>\n\n\n\n<li>\u201cCLUB HUMIDOR 1830\u201d hace conocimiento al Cliente que los precios incluyen Impuesto al Valor Agregado (I.V.A.), por lo que al no requerir factura no se realizar\u00e1 descuento alguno del I.V.A. y se englobar\u00e1 en la factura a p\u00fablico en general del mes correspondiente.<\/li>\n<\/ol>\n\n\n\n<h1 class=\"wp-block-heading\"><a><\/a><a>PEDIDOS<\/a><\/h1>\n\n\n\n<ol style=\"list-style-type:1\" class=\"wp-block-list\">\n<li>Todos los pedidos est\u00e1n condicionados a su aceptaci\u00f3n por \u201cCLUB HUMIDOR 1830\u201d. \u201cCLUB HUMIDOR 1830\u201d comunicar\u00e1 la aceptaci\u00f3n del pedido tan pronto como le sea razonablemente posible, ya sea por medios electr\u00f3nicos o por cualquier otro medio.<\/li>\n\n\n\n<li>El Cliente habr\u00e1 de especificar en sus pedidos un domicilio de Entrega dentro del pa\u00eds donde se curse el pedido. &nbsp;<\/li>\n\n\n\n<li>\u201cCLUB HUMIDOR 1830\u201d se reserva el derecho a cancelar, a su discreci\u00f3n, cualquier pedido aceptado que adolezca de alg\u00fan error material en relaci\u00f3n con el pedido, el precio o cualesquiera otras condiciones publicadas en el Sitio \u201cCLUB HUMIDOR 1830\u201d que est\u00e9n relacionada con el pedido del Cliente, o en caso de que una posterior verificaci\u00f3n de las condiciones crediticias del Cliente as\u00ed lo aconsejen.<\/li>\n\n\n\n<li>El cliente podr\u00e1 cancelar o modificar un pedido siempre que la mercanc\u00eda no haya salido aun de nuestros almacenes.<\/li>\n<\/ol>\n\n\n\n<h1 class=\"wp-block-heading\"><a><\/a><a>ENVIO Y RIESGOS<\/a>&nbsp;&nbsp;&nbsp;&nbsp;<\/h1>\n\n\n\n<ol style=\"list-style-type:1\" class=\"wp-block-list\">\n<li>\u201cCLUB HUMIDOR 1830\u201d dar\u00e1 a conocer al cliente el costo del env\u00edo dentro del carrito de venta. Mismo que podr\u00e1 variar sin previo aviso seg\u00fan los criterios de \u201cCLUB HUMIDOR 1830\u201d.<\/li>\n\n\n\n<li>Los tiempos de env\u00edo de pedidos ser\u00e1 aproximadamente de 3 a 8 d\u00edas h\u00e1biles, en caso contrario, \u201cCLUB HUMIDOR 1830\u201d har\u00e1 de conocimiento al cliente sobre el tiempo que exceda el env\u00edo.<\/li>\n\n\n\n<li>Los pedidos con \u201cproductos personalizados\u201d tendr\u00e1n un tiempo de entrega diferente, mismo que ser\u00e1 especificado por \u201cCLUB HUMIDOR 1830\u201d al momento del env\u00edo de la cotizaci\u00f3n o compra del producto v\u00eda impresa o digital.<\/li>\n\n\n\n<li>\u201cCLUB HUMIDOR 1830\u201d realizar\u00e1 los env\u00edos conforme a la pr\u00e1ctica comercial est\u00e1ndar de \u201cCLUB HUMIDOR 1830\u201d, y el riesgo por p\u00e9rdida o da\u00f1o se entender\u00e1 transmitido por \u201cCLUB HUMIDOR 1830\u201d al Cliente en el momento de entregar el producto a la CLUB HUMIDOR 1830 de paqueter\u00eda. Los portes y dem\u00e1s gastos de env\u00edo se indicar\u00e1n por separado en la factura de \u201cCLUB HUMIDOR 1830\u201d cuando no est\u00e9n incluidos en el precio de compra del Producto. La titularidad de los Productos pasar\u00e1 de \u201cCLUB HUMIDOR 1830\u201d al Cliente en el momento del env\u00edo de los Productos.<\/li>\n\n\n\n<li>Si se acordaran instrucciones de embalaje o env\u00edo especiales a petici\u00f3n del Cliente, los oportunos cargos le ser\u00e1n facturados por separado y, el riesgo de p\u00e9rdida o da\u00f1o se transmitir\u00e1 al Cliente en el momento de efectuarse la Entrega a la \u201cCLUB HUMIDOR 1830\u201d de paqueter\u00eda o a la persona designada por \u00e9ste para recibir los Productos.<\/li>\n\n\n\n<li>\u201cCLUB HUMIDOR 1830\u201d no se hace responsable de los da\u00f1os o robo que pueda presentar el producto causados por el servicio de paqueter\u00eda.<\/li>\n\n\n\n<li>\u201cCLUB HUMIDOR 1830\u201d recomienda a sus clientes grabar un video al momento de abrir su paquete en caso que el embalaje venga con abolladuras o roturas, para revisar las condiciones en que entrega la paqueter\u00eda.<\/li>\n<\/ol>\n\n\n\n<h1 class=\"wp-block-heading\"><a><\/a><a>ACEPTACI\u00d3N<\/a>&nbsp;<\/h1>\n\n\n\n<p>La aceptaci\u00f3n de los Productos por parte del Cliente se entender\u00e1 producida una vez realizada la Entrega del producto a la paqueter\u00eda. Si el Cliente programara o demorara el env\u00edo del producto, m\u00e1s all\u00e1 de los treinta (30) d\u00edas siguientes a la Entrega, la aceptaci\u00f3n de los Productos por parte del Cliente se entender\u00e1 autom\u00e1ticamente producida el trig\u00e9simo primer (31) d\u00eda siguiente a la Entrega.&nbsp;<\/p>\n\n\n\n<h1 class=\"wp-block-heading\"><a><\/a><a>DESISTIMIENTO<\/a><\/h1>\n\n\n\n<p>En \u201cCLUB HUMIDOR 1830\u201d no se realizan reembolsos ni devoluciones, sin embargo, puede comunicarse al tel\u00e9fono 229 228 1111, para analizar su caso y proceder de acuerdo a nuestra Pol\u00edtica de Devoluciones, Reemplazos y Reembolsos.<\/p>\n\n\n\n<h1 class=\"wp-block-heading\"><a><\/a><a>CONDICIONES DE PAGO<\/a>&nbsp;<\/h1>\n\n\n\n<ol style=\"list-style-type:1\" class=\"wp-block-list\">\n<li>El cliente podr\u00e1, a su elecci\u00f3n, abonar las compras que realice mediante pago en OXXO, transferencia, mercado pago, PayPal, y dep\u00f3sitos bancarios; en todos los casos de acuerdo con las instrucciones y m\u00e9todos de pago vigentes que figuran en sitio web de la tienda \u201cCLUB HUMIDOR 1830\u201d.<\/li>\n\n\n\n<li>En caso de requerir factura, el cliente deber\u00e1 avisar durante el mes de compra los datos para su facturaci\u00f3n, de lo contrario, al final del mes, el pedido ser\u00e1 facturado a p\u00fablico en general, sin posibilidad de refacturaci\u00f3n.<\/li>\n<\/ol>\n\n\n\n<h1 class=\"wp-block-heading\"><a>Productos personalizados<\/a><\/h1>\n\n\n\n<ol style=\"list-style-type:1\" class=\"wp-block-list\">\n<li>El tiempo de entrega de los Productos personalizados depender\u00e1 de las caracter\u00edsticas elegidas por el cliente. \u201cCLUB HUMIDOR 1830\u201d no se compromete a plazo de entrega alguno. No obstante, el plazo habitual de entrega de productos personalizados es de quince d\u00edas.<\/li>\n\n\n\n<li>En caso de apreciarse alg\u00fan fallo de funcionamiento del producto, este ser\u00e1 reparado y no sustituido.<\/li>\n\n\n\n<li>Un vez emitido y confirmado el pedido, no se admitir\u00e1n modificaciones, ni en la direcci\u00f3n de entrega ni en la configuraci\u00f3n solicitada. Tampoco se admitir\u00e1n cancelaciones ni devoluciones.<\/li>\n\n\n\n<li>\u201cCLUB HUMIDOR 1830\u201d podr\u00e1 no aceptar pedidos de productos personalizados realizados a trav\u00e9s de la web de la tienda \u201cCLUB HUMIDOR 1830\u201d.<\/li>\n<\/ol>\n\n\n\n<h1 class=\"wp-block-heading\"><a>GARANTIA<\/a><\/h1>\n\n\n\n<ol style=\"list-style-type:1\" class=\"wp-block-list\">\n<li>La informaci\u00f3n relativa al per\u00edodo de garant\u00eda de los Productos, as\u00ed como aquella informaci\u00f3n adicional relativa a \u00e9stos, estar\u00e1 disponible junto con los Productos o bajo solicitud.&nbsp;<\/li>\n\n\n\n<li>El periodo de garant\u00eda comenzar\u00e1 en la fecha de Entrega. Los Productos adquiridos a \u201cCLUB HUMIDOR 1830\u201d recibir\u00e1n la garant\u00eda est\u00e1ndar en el pa\u00eds de adquisici\u00f3n. Si el Cliente traslada tales Productos a otro pa\u00eds donde \u201cCLUB HUMIDOR 1830\u201d tiene presencia de soporte t\u00e9cnico, entonces el Cliente recibir\u00e1 la garant\u00eda est\u00e1ndar del pa\u00eds de destino. En caso de que el Cliente transmitiera el Producto a un nuevo usuario, el servicio de garant\u00eda estar\u00e1 disponible para dicho nuevo usuario durante el per\u00edodo que reste de garant\u00eda.\u00a0<\/li>\n\n\n\n<li>\u201cCLUB HUMIDOR 1830\u201d garantiza sus Productos contra defectos en los materiales y en la mano de obra. Adem\u00e1s, \u201cCLUB HUMIDOR 1830\u201d garantiza que los Productos cumplen con las especificaciones.\u00a0<\/li>\n\n\n\n<li>\u201cCLUB HUMIDOR 1830\u201d garantiza el producto contra defectos en los materiales que le impidan ejecutar sus funciones, siempre y cuando el producto sea utilizado debidamente como se especifica en el instructivo del producto. \u201cCLUB HUMIDOR 1830\u201d no garantiza el funcionamiento del producto si el producto ha sido abierto o modificado por el Cliente en sus componentes, ni que cumpla con los requerimientos especificados por el Cliente.\u00a0\u00a0\u00a0\u00a0<\/li>\n\n\n\n<li>\u201cCLUB HUMIDOR 1830\u201d no garantiza que el funcionamiento de los Productos sea ininterrumpido o libre de errores, salvo los especificados en su instructivo.\u00a0\u00a0\u00a0\u00a0<\/li>\n\n\n\n<li>Las garant\u00edas descritas en el presente documento resultar\u00e1n exclusivamente de aplicaci\u00f3n a aquellos Productos que est\u00e9n identificados con la marca \u201cCLUB HUMIDOR 1830\u201d. \u201cCLUB HUMIDOR 1830\u201d no garantiza los Productos de cualquier tercero. Adem\u00e1s, \u201cCLUB HUMIDOR 1830\u201d proporciona todos los Productos de terceros en el estado en que se encuentren al momento de la Entrega. Sin embargo, los productores o distribuidores de dichos Productos o podr\u00e1n ofrecer sus propias garant\u00edas en caso que as\u00ed se detallase en la documentaci\u00f3n que acompa\u00f1e dichos Productos y Servicios de Soporte de terceros.\u00a0\u00a0<\/li>\n\n\n\n<li>Quedan excluidos de la garant\u00eda los defectos que tengan su origen en: 1) un mantenimiento inapropiado o inadecuado por parte del Cliente; 2) Productos de un tercero; 3) modificaciones no autorizadas; 4) uso inapropiado o funcionamiento fuera de las especificaciones del Producto; 5) abuso, negligencia, accidente, p\u00e9rdida o da\u00f1o durante su transporte; 6) mantenimiento o reparaci\u00f3n no autorizada.<\/li>\n\n\n\n<li>SALVO LO ANTERIORMENTE INDICADO, \u201cCLUB HUMIDOR 1830\u201d NO ASUME NING\u00daN OTRO COMPROMISO DE GARANT\u00cdA, ESCRITO O VERBAL, EXPRESO O IMPL\u00cdCITO.<\/li>\n<\/ol>\n\n\n\n<h1 class=\"wp-block-heading\"><a><\/a><a>PRODUCTO<\/a><\/h1>\n\n\n\n<ol style=\"list-style-type:1\" class=\"wp-block-list\">\n<li>Por el pago del Precio de Producto, \u201cCLUB HUMIDOR 1830\u201d concede al Cliente un producto para uso detallado en el pedido del Cliente, de conformidad con: 1) los t\u00e9rminos y condiciones detallados en este documento; 2) las autorizaciones y restricciones de Uso de producto especificadas por \u201cCLUB HUMIDOR 1830\u201d en la factura o en los t\u00e9rminos que acompa\u00f1en a dicho producto; y 3) los t\u00e9rminos de los terceros suministradores de \u201cCLUB HUMIDOR 1830\u201d que acompa\u00f1en al producto. En caso de conflicto, los t\u00e9rminos de los terceros suministradores que acompa\u00f1en al producto tendr\u00e1n preferencia sobre las autorizaciones y restricciones de Uso especificadas por \u201cCLUB HUMIDOR 1830\u201d y los t\u00e9rminos establecidos en el presente documento, y las autorizaciones y restricciones de Uso especificadas por \u201cCLUB HUMIDOR 1830\u201d tendr\u00e1n preferencia sobre los t\u00e9rminos establecidos en el presente documento.\u00a0\u00a0\u00a0\u00a0<\/li>\n\n\n\n<li>En caso de no especificarse determinado producto, por el pago del precio correspondiente, \u201cCLUB HUMIDOR 1830\u201d concede al Cliente un producto similar en cualquier momento.<\/li>\n\n\n\n<li>\u201cCLUB HUMIDOR 1830\u201d o los terceros suministradores tienen la propiedad y los derechos de autor del producto. La propiedad del Cliente no confiere a \u00e9ste la titularidad o propiedad sobre el producto, ni es tampoco una venta de cualesquiera derechos del producto, su documentaci\u00f3n o el Soporte en el que est\u00e9n grabados o impresos. Los terceros suministradores del producto podr\u00e1n proteger sus derechos contra cualquier tipo de infracci\u00f3n.<\/li>\n\n\n\n<li>A no ser que \u201cCLUB HUMIDOR 1830\u201d as\u00ed lo permita, el Cliente no podr\u00e1 realizar copias o adaptaciones del producto para fines de copia, clonaci\u00f3n o reventa.\u00a0<\/li>\n\n\n\n<li>El Cliente no podr\u00e1 modificar, desensamblar el producto sin contar para ello con la previa autorizaci\u00f3n por escrito de \u201cCLUB HUMIDOR 1830\u201d. En caso de autorizar las leyes tales operaciones, el Cliente se compromete a facilitar a \u201cCLUB HUMIDOR 1830\u201d informaci\u00f3n detallada en relaci\u00f3n con las mismas previamente a cualquier operaci\u00f3n de desensamblaje.<\/li>\n<\/ol>\n\n\n\n<h1 class=\"wp-block-heading\"><a><\/a><a>DERECHOS DE PROPIEDAD INTELECTUAL E INDUSTRIAL<\/a><\/h1>\n\n\n\n<ol style=\"list-style-type:1\" class=\"wp-block-list\">\n<li>\u201cCLUB HUMIDOR 1830\u201d defender\u00e1 o transar\u00e1 cualquier reclamaci\u00f3n y se apersonar\u00e1 en cualquier procedimiento dirigido contra el Cliente, (o terceros a los que \u201cCLUB HUMIDOR 1830\u201d le haya autorizado a revender o distribuir), que se funde en el hecho de que alguno de los Productos de marca \u201cCLUB HUMIDOR 1830\u201d (excluidos los Productos del Cliente) suministrados en virtud de los presentes T\u00e9rminos y Condiciones de Venta de \u201cCLUB HUMIDOR 1830\u201d, infringe alguna patente, modelo de utilidad, dise\u00f1o industrial, derecho de autor, secreto comercial, topograf\u00eda de semiconductores o marca en el pa\u00eds donde se usen o vendan los Productos o se reciba el Soporte, todo ello a condici\u00f3n de que: 1) el Cliente lo notifique por escrito inmediatamente a \u201cCLUB HUMIDOR 1830\u201d, y 2) el Cliente coopere con \u201cCLUB HUMIDOR 1830\u201d al respecto y conceda a \u201cCLUB HUMIDOR 1830\u201d el control de la defensa o transacci\u00f3n.\u00a0\u00a0\u00a0<\/li>\n\n\n\n<li>\u201cCLUB HUMIDOR 1830\u201d correr\u00e1 con los gastos de tales procedimientos, importes de las transacciones y da\u00f1os o perjuicios a los que pueda ser condenado por tribunal competente. Si tal reclamaci\u00f3n fuera previsible, \u201cCLUB HUMIDOR 1830\u201d podr\u00e1 optar entre modificar el Producto, obtener la oportuna licencia, o reemplazarlo. Si \u201cCLUB HUMIDOR 1830\u201d considerase que ninguna de las alternativas antes referidas puede, razonablemente, ser llevadas a efecto, entonces \u201cCLUB HUMIDOR 1830\u201d, si no ha transcurrido un a\u00f1o desde la Entrega, reembolsar\u00e1 al Cliente el valor del precio de compra del Producto previa devoluci\u00f3n del mismo dentro del plazo de un a\u00f1o desde la Entrega o, habiendo transcurrido el citado periodo, su valor residual.<\/li>\n\n\n\n<li>\u201cCLUB HUMIDOR 1830\u201d no ser\u00e1 responsable en el caso de reclamaciones por infracciones que tengan su origen en: 1) el cumplimiento por parte de \u201cCLUB HUMIDOR 1830\u201d de los dise\u00f1os, especificaciones o instrucciones del Cliente; 2) el uso por parte de \u201cCLUB HUMIDOR 1830\u201d de informaci\u00f3n t\u00e9cnica o tecnolog\u00eda proporcionada por el Cliente; 3) modificaciones del Producto por el Cliente o un tercero; 4) el Uso del Producto al margen de las especificaciones o de las notas de las aplicaciones asociadas, o 5) el Uso del Producto con productos que no sean de la marca \u201cCLUB HUMIDOR 1830\u201d.\u00a0<\/li>\n\n\n\n<li>Las estipulaciones aqu\u00ed contenidas constituyen la totalidad de las responsabilidades de \u201cCLUB HUMIDOR 1830\u201d respecto a reclamaciones por infracciones de los derechos de la propiedad intelectual.<\/li>\n<\/ol>\n\n\n\n<h1 class=\"wp-block-heading\"><a><\/a><a>VARIAS<\/a><\/h1>\n\n\n\n<ol style=\"list-style-type:1\" class=\"wp-block-list\">\n<li>Cualesquiera pedidos de compra del Cliente que sean aceptados por \u201cCLUB HUMIDOR 1830\u201d generar\u00e1n obligaciones plenamente vinculantes sujetas a los t\u00e9rminos contenidos en el presente documento. Dichos pedidos de compra y aceptaciones se considerar\u00e1n, a todos los efectos como documentos escritos, originales y firmados, y ser\u00e1n plenamente eficaces en los t\u00e9rminos previstos en la Ley Federal de Protecci\u00f3n al Consumidor art\u00edculo 76 bis y su normativa de desarrollo.<\/li>\n\n\n\n<li>En caso de que una de las Partes se encontrara en situaci\u00f3n de insolvencia, se viera imposibilitada a hacer frente al pago de sus obligaciones en sus respectivos vencimientos, se viera incursa en procedimiento de suspensi\u00f3n de pagos o quiebra (sea esta voluntaria o involuntaria), se le nombrara alg\u00fan administrador judicial o hiciera cesi\u00f3n de sus activos, la otra Parte podr\u00e1 exonerarse del cumplimiento de las obligaciones pendientes.<\/li>\n\n\n\n<li>El Cliente no podr\u00e1 ceder los derechos u obligaciones que le corresponden al amparo de este Contrato, sin el previo consentimiento por escrito de \u201cCLUB HUMIDOR 1830\u201d.<\/li>\n\n\n\n<li>El Cliente que exporte, re-exporte o importe los Productos, la tecnolog\u00eda o los datos t\u00e9cnicos adquiridos al amparo del presente, asume la responsabilidad de la observancia de cualesquiera normas resulten de aplicaci\u00f3n, siendo responsabilidad suya la obtenci\u00f3n de las autorizaciones de exportaci\u00f3n e importaci\u00f3n requeridas. \u201cCLUB HUMIDOR 1830\u201d podr\u00e1 suspender el cumplimiento de sus obligaciones si el Cliente viola cualquiera de las normas aplicables.<\/li>\n\n\n\n<li>Cualquier cuesti\u00f3n litigiosa que pudiera derivarse del presente Contrato, se regir\u00e1 por la legislaci\u00f3n mexicana. Las partes, con renuncia expresa a su propio fuero, se someten a la jurisdicci\u00f3n de los Juzgados y Tribunales de Boca del R\u00edo, Veracruz, M\u00e9xico.<\/li>\n\n\n\n<li>Las estipulaciones contenidas en el presente que, por su naturaleza, se extiendan m\u00e1s all\u00e1 de la terminaci\u00f3n o perfecci\u00f3n de la venta o licencia de Productos, continuar\u00e1n en vigor hasta su cumplimiento.<\/li>\n\n\n\n<li>Si cualquiera de los t\u00e9rminos o condiciones del presente fuera declarado nulo o ineficaz, la validez y eficacia del resto de los t\u00e9rminos y condiciones del presente no se entender\u00e1n afectadas o alteradas.<\/li>\n\n\n\n<li>El Cliente no registrar\u00e1 o usar\u00e1 ning\u00fan dominio en Internet que contenga cualquier marca de \u201cCLUB HUMIDOR 1830\u201d (e.g. &#8220;CLUB HUMIDOR 1830&#8221;) total o parcialmente o cualquier otro nombre que pueda inducir a confusi\u00f3n por su similitud o que de cualquier otro modo pudiere lesionar los derechos de propiedad industrial de \u201cCLUB HUMIDOR 1830\u201d.\u00a0<\/li>\n\n\n\n<li>Los presentes T\u00e9rminos y Condiciones de Venta constituyen la totalidad de lo acordado entre el Cliente y \u201cCLUB HUMIDOR 1830\u201d, y prevalecer\u00e1n sobre cualquier comunicaci\u00f3n, manifestaci\u00f3n o acuerdo previo entre las Partes, oral o escrito, referente a las transacciones al amparo del presente. No resultar\u00e1n de aplicaci\u00f3n cualesquiera t\u00e9rminos y condiciones del Cliente adicionales o diferentes de los aqu\u00ed recogidos. La adquisici\u00f3n o licencia de Productos por el Cliente, constituye la aceptaci\u00f3n por el Cliente de los presentes T\u00e9rminos y Condiciones de Venta, los cuales no podr\u00e1n ser alterados excepto mediante escrito modificativo debidamente firmado por un representante autorizado de cada una de las Partes.<\/li>\n\n\n\n<li>El Cliente acepta que los datos que se recaben se incorporaran a una base de datos de clientes de \u201cCLUB HUMIDOR 1830\u201d con el objeto de gestionar el cumplimiento de las obligaciones derivadas de los presentes t\u00e9rminos y condiciones. Asimismo, el cliente acepta que los datos puedan ser utilizados con fines de soporte, marketing y ventas. Si desea ejercer los derechos de acceso, rectificaci\u00f3n y cancelaci\u00f3n puede hacerlo en <a href=\"https:\/\/www.santaclarapuros.com\/club\/\">www.santaclarapuros.com\/club\/<\/a>.<\/li>\n<\/ol>\n\n\n\n<h1 class=\"wp-block-heading\"><a><\/a><a>TEL\u00c9FONO DE ATENCI\u00d3N AL CLIENTE<\/a><\/h1>\n\n\n\n<p>El tel\u00e9fono de atenci\u00f3n al cliente es 229 228 1111.<\/p>\n","protected":false},"excerpt":{"rendered":"<p>T\u00c9RMINOS Y CONDICIONES &nbsp;&nbsp; Los presentes T\u00e9rminos y Condiciones de Venta se aplicar\u00e1n a las operaciones de venta de Productos que \u201cClub Humidor 1830\u201d comercializa por medios electr\u00f3nicos, en sucursal o por tel\u00e9fono.\u00a0 DEFINICIONES AMBITO DE APLICACI\u00d3N Los presentes T\u00e9rminos y Condiciones de Venta se aplicar\u00e1n a las ventas realizadas por \u201cCLUB HUMIDOR 1830\u201d a &hellip; <\/p>\n","protected":false},"author":1,"featured_media":0,"parent":0,"menu_order":0,"comment_status":"closed","ping_status":"closed","template":"","meta":{"footnotes":""},"class_list":["post-87","page","type-page","status-publish","hentry"],"_links":{"self":[{"href":"https:\/\/santaclarapuros.com\/club\/wp-json\/wp\/v2\/pages\/87","targetHints":{"allow":["GET"]}}],"collection":[{"href":"https:\/\/santaclarapuros.com\/club\/wp-json\/wp\/v2\/pages"}],"about":[{"href":"https:\/\/santaclarapuros.com\/club\/wp-json\/wp\/v2\/types\/page"}],"author":[{"embeddable":true,"href":"https:\/\/santaclarapuros.com\/club\/wp-json\/wp\/v2\/users\/1"}],"replies":[{"embeddable":true,"href":"https:\/\/santaclarapuros.com\/club\/wp-json\/wp\/v2\/comments?post=87"}],"version-history":[{"count":2,"href":"https:\/\/santaclarapuros.com\/club\/wp-json\/wp\/v2\/pages\/87\/revisions"}],"predecessor-version":[{"id":1410,"href":"https:\/\/santaclarapuros.com\/club\/wp-json\/wp\/v2\/pages\/87\/revisions\/1410"}],"wp:attachment":[{"href":"https:\/\/santaclarapuros.com\/club\/wp-json\/wp\/v2\/media?parent=87"}],"curies":[{"name":"wp","href":"https:\/\/api.w.org\/{rel}","templated":true}]}}