{"id":497,"date":"2025-06-23T15:33:17","date_gmt":"2025-06-23T21:33:17","guid":{"rendered":"https:\/\/santaclarapuros.com\/club\/?page_id=497"},"modified":"2025-07-18T15:51:32","modified_gmt":"2025-07-18T21:51:32","slug":"preguntas-frecuentes","status":"publish","type":"page","link":"https:\/\/santaclarapuros.com\/club\/preguntas-frecuentes\/","title":{"rendered":"Preguntas Frecuentes"},"content":{"rendered":"\n<details class=\"wp-block-details is-layout-flow wp-block-details-is-layout-flow\"><summary><strong>\u00bfCual es el mejor puro?<\/strong><\/summary>\n<p>El mejor puro es el que t\u00fa paladar disfruta, el que m\u00e1s le gusta a uno.<\/p>\n\n\n\n<p>Cuando enciendes un Puro Premium, no s\u00f3lo inicias un ritual de pasi\u00f3n, sino que para llegar a ese disfrute, estos tabacos han logrado cumplir con un enorme recorrido, en procesos de producci\u00f3n, calidad y a\u00f1ejamiento.<\/p>\n<\/details>\n\n\n\n<details class=\"wp-block-details is-layout-flow wp-block-details-is-layout-flow\"><summary><strong>\u00bfQu\u00e9 puro recomiendan para un iniciador?<\/strong><\/summary>\n<p>Para iniciadores en el mundo del puro, recomendamos un puro con fortaleza suave a medio, por eso consideramos que la marca: AROMAS DE SAN ANDR\u00c9S es la marca que podr\u00e1s degustar y disfrutar sin prejuicios.<\/p>\n<\/details>\n\n\n\n<details class=\"wp-block-details is-layout-flow wp-block-details-is-layout-flow\"><summary><strong>\u00bfQu\u00e9 tipo de hoja llevan los puros?<\/strong><\/summary>\n<p>Esto depende de cada marca, pues fabricamos m\u00e1s de 9 marcas y submarcas, cada una con diferente liga, a\u00f1ejamiento y procedimiento de fabricaci\u00f3n. Usted podr\u00e1 encontrar en cada marca una descripci\u00f3n detallada de su mezcla: Tripa, Banda y Capa.<\/p>\n<\/details>\n\n\n\n<details class=\"wp-block-details is-layout-flow wp-block-details-is-layout-flow\"><summary><strong>\u00bfCu\u00e1les son las marcas de puros que fabrican?<\/strong><\/summary>\n<p>Santa Clara 1830 Medio Siglo Triple Maduro<br>Capa Flor<br>Madrigal<br>La Casta<br>Santa Clara 1830<br>Santa Clara 1830 Edici\u00f3n Especial<br>Santa Clara 1830 Gran Reserva<br>Aromas de San Andr\u00e9s<br>Santa Clara 1830 Chicos<br>Ejecutivos<br>Veracruz Premium<br>Hacienda Veracruz<br>Hoja de Mexicali<\/p>\n\n\n\n<p><\/p>\n<\/details>\n\n\n\n<details class=\"wp-block-details is-layout-flow wp-block-details-is-layout-flow\"><summary><strong>\u00bfCu\u00e1les son las marcas de Tabaco que comercializan?<\/strong><\/summary>\n<ul class=\"wp-block-list\">\n<li>Tabaco para Liar: Hampton<\/li>\n\n\n\n<li>Tabaco para masticar: Klondike<\/li>\n\n\n\n<li>Tabaco para pipa: Park Lane<\/li>\n\n\n\n<li>Cigarros: Cohiba<\/li>\n<\/ul>\n\n\n\n<p><\/p>\n<\/details>\n\n\n\n<details class=\"wp-block-details is-layout-flow wp-block-details-is-layout-flow\"><summary><strong>\u00bfCu\u00e1l es el puro m\u00e1s suave, cu\u00e1l el m\u00e1s fuerte?<\/strong><\/summary>\n<p>Esto lo podemos conocer mediante su fortaleza (Tambi\u00e9n llamado cuerpo). Fortalezas de un puro:<\/p>\n\n\n\n<ul class=\"wp-block-list\">\n<li>Suave<\/li>\n\n\n\n<li>Suave-Medio<\/li>\n\n\n\n<li>Medio<\/li>\n\n\n\n<li>Medio-Fuerte<\/li>\n\n\n\n<li>Fuerte<\/li>\n<\/ul>\n\n\n\n<p>Para su completa informaci\u00f3n cada una de nuestras marcas tiene detallado su fortaleza.<\/p>\n<\/details>\n\n\n\n<details class=\"wp-block-details is-layout-flow wp-block-details-is-layout-flow\"><summary><strong>\u00bfCu\u00e1l es el tiempo de vida de los puros?<\/strong><\/summary>\n<p>Los puros no tienen caducidad, pero se requieren un estricto control de almacenaje: Humedad relativa 70-75% y una temperatura 18-20\u00b0, para que estos se conserven en \u00f3ptimas condiciones.<\/p>\n\n\n\n<p>Recomendamos ampliamente los&nbsp;<strong>Humidores Park Lane<\/strong>.&nbsp;<a href=\"https:\/\/santaclarapuros.com\/club\/tienda\/humidores\/\" data-type=\"page\" data-id=\"1247\">Comprar Aqui<\/a><\/p>\n<\/details>\n\n\n\n<details class=\"wp-block-details is-layout-flow wp-block-details-is-layout-flow\"><summary><strong>\u00bfCon que se enciende un puro?<\/strong><\/summary>\n<p>Le recomendaremos utilizar:<\/p>\n\n\n\n<ul class=\"wp-block-list\">\n<li>Encendedor de gas<\/li>\n\n\n\n<li>F\u00f3sforos de madera<\/li>\n\n\n\n<li>Hoja de cedro<\/li>\n<\/ul>\n\n\n\n<figure class=\"wp-block-embed is-type-video is-provider-youtube wp-block-embed-youtube wp-embed-aspect-16-9 wp-has-aspect-ratio\"><div class=\"wp-block-embed__wrapper\">\n<iframe loading=\"lazy\" title=\"Como encender un puro\" width=\"830\" height=\"467\" src=\"https:\/\/www.youtube.com\/embed\/3bC3yUurAjc?feature=oembed\" frameborder=\"0\" allow=\"accelerometer; autoplay; clipboard-write; encrypted-media; gyroscope; picture-in-picture; web-share\" referrerpolicy=\"strict-origin-when-cross-origin\" allowfullscreen><\/iframe>\n<\/div><\/figure>\n<\/details>\n\n\n\n<details class=\"wp-block-details is-layout-flow wp-block-details-is-layout-flow\"><summary><strong>\u00bfSolo los Cubanos son Habanos o todos los Puros?<\/strong><\/summary>\n<p>Denominaci\u00f3n de Origen s\u00f3lo reservada a los puros fabricados en Cuba conforme a las normas de cultivo y producci\u00f3n establecidas por el consejo regulador. No se debe utilizar esta acepci\u00f3n para los Puros producidos en otros pa\u00edses.<\/p>\n<\/details>\n\n\n\n<details class=\"wp-block-details is-layout-flow wp-block-details-is-layout-flow\"><summary><strong>\u00bfQu\u00e9 diferencia hay entre un puro Cubano o Dominicano vs un Nacional?<\/strong><\/summary>\n<p>Cada parte de la planta de tabaco da unas hojas que aportan un aroma y un matiz diferente a cada Puro Premium. La calidad de un Puro Premium reside en el equilibrio perfecto que existe entre las diferentes partes de la planta de tabaco que lo compongan, as\u00ed como de los diferentes or\u00edgenes.<\/p>\n\n\n\n<p>Un puro nacional incrementa su riqueza cuando se crean mezclas con tabacos de otros or\u00edgenes, brindando otro tipo de matices y fortalezas.<\/p>\n<\/details>\n","protected":false},"excerpt":{"rendered":"","protected":false},"author":1,"featured_media":0,"parent":0,"menu_order":0,"comment_status":"closed","ping_status":"closed","template":"","meta":{"footnotes":""},"class_list":["post-497","page","type-page","status-publish","hentry"],"_links":{"self":[{"href":"https:\/\/santaclarapuros.com\/club\/wp-json\/wp\/v2\/pages\/497","targetHints":{"allow":["GET"]}}],"collection":[{"href":"https:\/\/santaclarapuros.com\/club\/wp-json\/wp\/v2\/pages"}],"about":[{"href":"https:\/\/santaclarapuros.com\/club\/wp-json\/wp\/v2\/types\/page"}],"author":[{"embeddable":true,"href":"https:\/\/santaclarapuros.com\/club\/wp-json\/wp\/v2\/users\/1"}],"replies":[{"embeddable":true,"href":"https:\/\/santaclarapuros.com\/club\/wp-json\/wp\/v2\/comments?post=497"}],"version-history":[{"count":10,"href":"https:\/\/santaclarapuros.com\/club\/wp-json\/wp\/v2\/pages\/497\/revisions"}],"predecessor-version":[{"id":1255,"href":"https:\/\/santaclarapuros.com\/club\/wp-json\/wp\/v2\/pages\/497\/revisions\/1255"}],"wp:attachment":[{"href":"https:\/\/santaclarapuros.com\/club\/wp-json\/wp\/v2\/media?parent=497"}],"curies":[{"name":"wp","href":"https:\/\/api.w.org\/{rel}","templated":true}]}}