{"id":2,"date":"2025-05-07T23:41:31","date_gmt":"2025-05-07T23:41:31","guid":{"rendered":"http:\/\/santaclarapuros.com\/club\/?page_id=2"},"modified":"2025-07-17T18:11:37","modified_gmt":"2025-07-18T00:11:37","slug":"nosotros","status":"publish","type":"page","link":"https:\/\/santaclarapuros.com\/club\/nosotros\/","title":{"rendered":"Nosotros"},"content":{"rendered":"\n<p>Somos un canal pensado exclusivamente para las personas que disfrutan de un buen tabaco.<\/p>\n\n\n\n<p>Club Humidor 1830, ofrece una experiencia \u00fanica y distinta. Aqu\u00ed puedes realizar compras en l\u00ednea de nuestros productos y obtener promociones exclusivas. Adem\u00e1s de conocer nuestra historia a trav\u00e9s de nuestra tradici\u00f3n, historia, galer\u00eda de videos, as\u00ed como conocer tip\u2019s y noticias m\u00e1s relevantes de nuestros productos.<\/p>\n\n\n\n<p><strong>Desp\u00faes de Cinco Generaciones&#8230; Algo sabemos de Puros.<\/strong><\/p>\n","protected":false},"excerpt":{"rendered":"<p>Somos un canal pensado exclusivamente para las personas que disfrutan de un buen tabaco. Club Humidor 1830, ofrece una experiencia \u00fanica y distinta. Aqu\u00ed puedes realizar compras en l\u00ednea de nuestros productos y obtener&#8230;<\/p>\n","protected":false},"author":1,"featured_media":0,"parent":0,"menu_order":0,"comment_status":"closed","ping_status":"closed","template":"","meta":{"footnotes":""},"class_list":["post-2","page","type-page","status-publish","hentry"],"_links":{"self":[{"href":"https:\/\/santaclarapuros.com\/club\/wp-json\/wp\/v2\/pages\/2","targetHints":{"allow":["GET"]}}],"collection":[{"href":"https:\/\/santaclarapuros.com\/club\/wp-json\/wp\/v2\/pages"}],"about":[{"href":"https:\/\/santaclarapuros.com\/club\/wp-json\/wp\/v2\/types\/page"}],"author":[{"embeddable":true,"href":"https:\/\/santaclarapuros.com\/club\/wp-json\/wp\/v2\/users\/1"}],"replies":[{"embeddable":true,"href":"https:\/\/santaclarapuros.com\/club\/wp-json\/wp\/v2\/comments?post=2"}],"version-history":[{"count":7,"href":"https:\/\/santaclarapuros.com\/club\/wp-json\/wp\/v2\/pages\/2\/revisions"}],"predecessor-version":[{"id":1321,"href":"https:\/\/santaclarapuros.com\/club\/wp-json\/wp\/v2\/pages\/2\/revisions\/1321"}],"wp:attachment":[{"href":"https:\/\/santaclarapuros.com\/club\/wp-json\/wp\/v2\/media?parent=2"}],"curies":[{"name":"wp","href":"https:\/\/api.w.org\/{rel}","templated":true}]}}