{"id":1572,"date":"2025-07-08T12:53:36","date_gmt":"2025-07-08T18:53:36","guid":{"rendered":"https:\/\/santaclarapuros.com\/club\/?page_id=1572"},"modified":"2025-07-17T14:07:19","modified_gmt":"2025-07-17T20:07:19","slug":"ruta-maya","status":"publish","type":"page","link":"https:\/\/santaclarapuros.com\/club\/ruta-maya\/","title":{"rendered":"Ruta Maya"},"content":{"rendered":"<div class=\"wp-block-image\">\n<figure class=\"aligncenter size-medium\"><img loading=\"lazy\" decoding=\"async\" width=\"300\" height=\"300\" src=\"https:\/\/santaclarapuros.com\/club\/wp-content\/uploads\/2025\/07\/ruta-maya-300x300.jpg\" alt=\"\" class=\"wp-image-1472\" srcset=\"https:\/\/santaclarapuros.com\/club\/wp-content\/uploads\/2025\/07\/ruta-maya-300x300.jpg 300w, https:\/\/santaclarapuros.com\/club\/wp-content\/uploads\/2025\/07\/ruta-maya-150x150.jpg 150w, https:\/\/santaclarapuros.com\/club\/wp-content\/uploads\/2025\/07\/ruta-maya-768x768.jpg 768w, https:\/\/santaclarapuros.com\/club\/wp-content\/uploads\/2025\/07\/ruta-maya-860x860.jpg 860w, https:\/\/santaclarapuros.com\/club\/wp-content\/uploads\/2025\/07\/ruta-maya-600x600.jpg 600w, https:\/\/santaclarapuros.com\/club\/wp-content\/uploads\/2025\/07\/ruta-maya-100x100.jpg 100w, https:\/\/santaclarapuros.com\/club\/wp-content\/uploads\/2025\/07\/ruta-maya.jpg 1000w\" sizes=\"auto, (max-width: 300px) 100vw, 300px\" \/><\/figure>\n<\/div>\n\n\n<p>Ruta Maya es una marca que rinde homenaje a la herencia ancestral de Mesoam\u00e9rica, evocando la conexi\u00f3n entre la tierra, la historia y el arte de trabajar el tabaco.<\/p>\n\n\n\n<p>Disponible en formatos cl\u00e1sicos como churchill y robusto, ofrece una fumada rica, pausada y llena de car\u00e1cter, ideal para quienes valoran tanto el contenido como el simbolismo detr\u00e1s de cada puro.<\/p>\n\n\n\n<p>Ruta Maya invita a recorrer un camino de tradici\u00f3n, sabor y profundidad cultural en cada calada.<\/p>\n","protected":false},"excerpt":{"rendered":"<p>Ruta Maya es una marca que rinde homenaje a la herencia ancestral de Mesoam\u00e9rica, evocando la conexi\u00f3n entre la tierra, la historia y el arte de trabajar el tabaco. Disponible en formatos cl\u00e1sicos como churchill y robusto, ofrece una fumada rica, pausada y llena de car\u00e1cter, ideal para quienes valoran tanto el contenido como el &hellip; <\/p>\n","protected":false},"author":1,"featured_media":0,"parent":0,"menu_order":0,"comment_status":"closed","ping_status":"closed","template":"","meta":{"footnotes":""},"class_list":["post-1572","page","type-page","status-publish","hentry"],"_links":{"self":[{"href":"https:\/\/santaclarapuros.com\/club\/wp-json\/wp\/v2\/pages\/1572","targetHints":{"allow":["GET"]}}],"collection":[{"href":"https:\/\/santaclarapuros.com\/club\/wp-json\/wp\/v2\/pages"}],"about":[{"href":"https:\/\/santaclarapuros.com\/club\/wp-json\/wp\/v2\/types\/page"}],"author":[{"embeddable":true,"href":"https:\/\/santaclarapuros.com\/club\/wp-json\/wp\/v2\/users\/1"}],"replies":[{"embeddable":true,"href":"https:\/\/santaclarapuros.com\/club\/wp-json\/wp\/v2\/comments?post=1572"}],"version-history":[{"count":3,"href":"https:\/\/santaclarapuros.com\/club\/wp-json\/wp\/v2\/pages\/1572\/revisions"}],"predecessor-version":[{"id":1596,"href":"https:\/\/santaclarapuros.com\/club\/wp-json\/wp\/v2\/pages\/1572\/revisions\/1596"}],"wp:attachment":[{"href":"https:\/\/santaclarapuros.com\/club\/wp-json\/wp\/v2\/media?parent=1572"}],"curies":[{"name":"wp","href":"https:\/\/api.w.org\/{rel}","templated":true}]}}