{"id":1568,"date":"2025-07-08T12:53:26","date_gmt":"2025-07-08T18:53:26","guid":{"rendered":"https:\/\/santaclarapuros.com\/club\/?page_id=1568"},"modified":"2025-07-17T14:07:05","modified_gmt":"2025-07-17T20:07:05","slug":"es-un-nene","status":"publish","type":"page","link":"https:\/\/santaclarapuros.com\/club\/es-un-nene\/","title":{"rendered":"Es un nene"},"content":{"rendered":"<div class=\"wp-block-image\">\n<figure class=\"aligncenter size-medium\"><img loading=\"lazy\" decoding=\"async\" width=\"300\" height=\"300\" src=\"https:\/\/santaclarapuros.com\/club\/wp-content\/uploads\/2025\/07\/es-un-nene-300x300.jpg\" alt=\"\" class=\"wp-image-1469\" srcset=\"https:\/\/santaclarapuros.com\/club\/wp-content\/uploads\/2025\/07\/es-un-nene-300x300.jpg 300w, https:\/\/santaclarapuros.com\/club\/wp-content\/uploads\/2025\/07\/es-un-nene-150x150.jpg 150w, https:\/\/santaclarapuros.com\/club\/wp-content\/uploads\/2025\/07\/es-un-nene-768x768.jpg 768w, https:\/\/santaclarapuros.com\/club\/wp-content\/uploads\/2025\/07\/es-un-nene-860x860.jpg 860w, https:\/\/santaclarapuros.com\/club\/wp-content\/uploads\/2025\/07\/es-un-nene-600x600.jpg 600w, https:\/\/santaclarapuros.com\/club\/wp-content\/uploads\/2025\/07\/es-un-nene-100x100.jpg 100w, https:\/\/santaclarapuros.com\/club\/wp-content\/uploads\/2025\/07\/es-un-nene.jpg 1000w\" sizes=\"auto, (max-width: 300px) 100vw, 300px\" \/><\/figure>\n<\/div>\n\n\n<p>Es un nene es una marca pensada para celebrar los momentos m\u00e1s especiales de la vida. Inspirados en la tradici\u00f3n de obsequiar puros en nacimientos, bautizos y eventos familiares, estos puros se convierten en un s\u00edmbolo de alegr\u00eda, orgullo y buenos deseos.<\/p>\n\n\n\n<p>Disponibles en una variedad de presentaciones elegantes y pr\u00e1cticas, combinan lo festivo con la calidad de un buen tabaco, haciendo de cada detalle un recuerdo inolvidable.<\/p>\n\n\n\n<p>Es un nene es m\u00e1s que un puro: es una manera de compartir y conmemorar la llegada de una nueva vida con estilo y sabor.<\/p>\n","protected":false},"excerpt":{"rendered":"<p>Es un nene es una marca pensada para celebrar los momentos m\u00e1s especiales de la vida. Inspirados en la tradici\u00f3n de obsequiar puros en nacimientos, bautizos y eventos familiares, estos puros se convierten en un s\u00edmbolo de alegr\u00eda, orgullo y buenos deseos. Disponibles en una variedad de presentaciones elegantes y pr\u00e1cticas, combinan lo festivo con &hellip; <\/p>\n","protected":false},"author":1,"featured_media":0,"parent":0,"menu_order":0,"comment_status":"closed","ping_status":"closed","template":"","meta":{"footnotes":""},"class_list":["post-1568","page","type-page","status-publish","hentry"],"_links":{"self":[{"href":"https:\/\/santaclarapuros.com\/club\/wp-json\/wp\/v2\/pages\/1568","targetHints":{"allow":["GET"]}}],"collection":[{"href":"https:\/\/santaclarapuros.com\/club\/wp-json\/wp\/v2\/pages"}],"about":[{"href":"https:\/\/santaclarapuros.com\/club\/wp-json\/wp\/v2\/types\/page"}],"author":[{"embeddable":true,"href":"https:\/\/santaclarapuros.com\/club\/wp-json\/wp\/v2\/users\/1"}],"replies":[{"embeddable":true,"href":"https:\/\/santaclarapuros.com\/club\/wp-json\/wp\/v2\/comments?post=1568"}],"version-history":[{"count":3,"href":"https:\/\/santaclarapuros.com\/club\/wp-json\/wp\/v2\/pages\/1568\/revisions"}],"predecessor-version":[{"id":1594,"href":"https:\/\/santaclarapuros.com\/club\/wp-json\/wp\/v2\/pages\/1568\/revisions\/1594"}],"wp:attachment":[{"href":"https:\/\/santaclarapuros.com\/club\/wp-json\/wp\/v2\/media?parent=1568"}],"curies":[{"name":"wp","href":"https:\/\/api.w.org\/{rel}","templated":true}]}}