{"id":1566,"date":"2025-07-08T12:53:22","date_gmt":"2025-07-08T18:53:22","guid":{"rendered":"https:\/\/santaclarapuros.com\/club\/?page_id=1566"},"modified":"2025-07-17T14:06:59","modified_gmt":"2025-07-17T20:06:59","slug":"canillas","status":"publish","type":"page","link":"https:\/\/santaclarapuros.com\/club\/canillas\/","title":{"rendered":"Canillas"},"content":{"rendered":"<div class=\"wp-block-image\">\n<figure class=\"aligncenter size-medium is-resized\"><img loading=\"lazy\" decoding=\"async\" width=\"300\" height=\"300\" src=\"https:\/\/santaclarapuros.com\/club\/wp-content\/uploads\/2025\/07\/canillas-300x300.jpg\" alt=\"\" class=\"wp-image-1468\" style=\"width:167px;height:auto\" srcset=\"https:\/\/santaclarapuros.com\/club\/wp-content\/uploads\/2025\/07\/canillas-300x300.jpg 300w, https:\/\/santaclarapuros.com\/club\/wp-content\/uploads\/2025\/07\/canillas-150x150.jpg 150w, https:\/\/santaclarapuros.com\/club\/wp-content\/uploads\/2025\/07\/canillas-768x768.jpg 768w, https:\/\/santaclarapuros.com\/club\/wp-content\/uploads\/2025\/07\/canillas-860x860.jpg 860w, https:\/\/santaclarapuros.com\/club\/wp-content\/uploads\/2025\/07\/canillas-600x600.jpg 600w, https:\/\/santaclarapuros.com\/club\/wp-content\/uploads\/2025\/07\/canillas-100x100.jpg 100w, https:\/\/santaclarapuros.com\/club\/wp-content\/uploads\/2025\/07\/canillas.jpg 1000w\" sizes=\"auto, (max-width: 300px) 100vw, 300px\" \/><\/figure>\n<\/div>\n\n\n<p>Canillas Santa Clara S.A. es sin\u00f3nimo de tradici\u00f3n, sencillez y car\u00e1cter. Con una propuesta accesible y funcional, estos puros est\u00e1n pensados para el disfrute cotidiano sin sacrificar la esencia del buen tabaco.<\/p>\n\n\n\n<p>Su elaboraci\u00f3n refleja el compromiso de Santa Clara con la calidad y la experiencia, convirti\u00e9ndolos en una opci\u00f3n confiable para quienes buscan una fumada directa, honesta y satisfactoria.<\/p>\n\n\n\n<p>Una expresi\u00f3n aut\u00e9ntica del tabaco mexicano, ideal para quienes valoran lo esencial.<\/p>\n","protected":false},"excerpt":{"rendered":"<p>Canillas Santa Clara S.A. es sin\u00f3nimo de tradici\u00f3n, sencillez y car\u00e1cter. Con una propuesta accesible y funcional, estos puros est\u00e1n pensados para el disfrute cotidiano sin sacrificar la esencia del buen tabaco. Su elaboraci\u00f3n refleja el compromiso de Santa Clara con la calidad y la experiencia, convirti\u00e9ndolos en una opci\u00f3n confiable para quienes buscan una &hellip; <\/p>\n","protected":false},"author":1,"featured_media":0,"parent":0,"menu_order":0,"comment_status":"closed","ping_status":"closed","template":"","meta":{"footnotes":""},"class_list":["post-1566","page","type-page","status-publish","hentry"],"_links":{"self":[{"href":"https:\/\/santaclarapuros.com\/club\/wp-json\/wp\/v2\/pages\/1566","targetHints":{"allow":["GET"]}}],"collection":[{"href":"https:\/\/santaclarapuros.com\/club\/wp-json\/wp\/v2\/pages"}],"about":[{"href":"https:\/\/santaclarapuros.com\/club\/wp-json\/wp\/v2\/types\/page"}],"author":[{"embeddable":true,"href":"https:\/\/santaclarapuros.com\/club\/wp-json\/wp\/v2\/users\/1"}],"replies":[{"embeddable":true,"href":"https:\/\/santaclarapuros.com\/club\/wp-json\/wp\/v2\/comments?post=1566"}],"version-history":[{"count":3,"href":"https:\/\/santaclarapuros.com\/club\/wp-json\/wp\/v2\/pages\/1566\/revisions"}],"predecessor-version":[{"id":1593,"href":"https:\/\/santaclarapuros.com\/club\/wp-json\/wp\/v2\/pages\/1566\/revisions\/1593"}],"wp:attachment":[{"href":"https:\/\/santaclarapuros.com\/club\/wp-json\/wp\/v2\/media?parent=1566"}],"curies":[{"name":"wp","href":"https:\/\/api.w.org\/{rel}","templated":true}]}}