{"id":1564,"date":"2025-07-08T12:53:33","date_gmt":"2025-07-08T18:53:33","guid":{"rendered":"https:\/\/santaclarapuros.com\/club\/?page_id=1564"},"modified":"2025-07-17T14:07:16","modified_gmt":"2025-07-17T20:07:16","slug":"miranda-tabacos","status":"publish","type":"page","link":"https:\/\/santaclarapuros.com\/club\/miranda-tabacos\/","title":{"rendered":"Miranda Tabacos"},"content":{"rendered":"<div class=\"wp-block-image\">\n<figure class=\"aligncenter size-medium\"><img loading=\"lazy\" decoding=\"async\" width=\"300\" height=\"300\" src=\"https:\/\/santaclarapuros.com\/club\/wp-content\/uploads\/2025\/07\/Miranda-300x300.jpg\" alt=\"\" class=\"wp-image-1466\" srcset=\"https:\/\/santaclarapuros.com\/club\/wp-content\/uploads\/2025\/07\/Miranda-300x300.jpg 300w, https:\/\/santaclarapuros.com\/club\/wp-content\/uploads\/2025\/07\/Miranda-150x150.jpg 150w, https:\/\/santaclarapuros.com\/club\/wp-content\/uploads\/2025\/07\/Miranda-768x768.jpg 768w, https:\/\/santaclarapuros.com\/club\/wp-content\/uploads\/2025\/07\/Miranda-860x860.jpg 860w, https:\/\/santaclarapuros.com\/club\/wp-content\/uploads\/2025\/07\/Miranda-600x600.jpg 600w, https:\/\/santaclarapuros.com\/club\/wp-content\/uploads\/2025\/07\/Miranda-100x100.jpg 100w, https:\/\/santaclarapuros.com\/club\/wp-content\/uploads\/2025\/07\/Miranda.jpg 1000w\" sizes=\"auto, (max-width: 300px) 100vw, 300px\" \/><\/figure>\n<\/div>\n\n\n<p>Miranda Tabacos es un homenaje vivo a la herencia, el trabajo artesanal y el orgullo familiar del Valle de San Andr\u00e9s, cuna de los mejores tabacos de M\u00e9xico. Inspirado por generaciones de conocimiento y dedicaci\u00f3n, cada puro Miranda encierra el legado de quienes han hecho del tabaco su forma de vida.<\/p>\n\n\n\n<p>La tierra f\u00e9rtil, el clima ideal y las manos expertas que cultivan y elaboran cada vitola dan como resultado una obra maestra concebida para el fumador exigente.<\/p>\n\n\n\n<p>Miranda celebra la tradici\u00f3n, la identidad y el arte del tabaco mexicano, ofreciendo una experiencia rica en historia, sabor y autenticidad.<\/p>\n","protected":false},"excerpt":{"rendered":"<p>Miranda Tabacos es un homenaje vivo a la herencia, el trabajo artesanal y el orgullo familiar del Valle de San Andr\u00e9s, cuna de los mejores tabacos de M\u00e9xico. Inspirado por generaciones de conocimiento y dedicaci\u00f3n, cada puro Miranda encierra el legado de quienes han hecho del tabaco su forma de vida. La tierra f\u00e9rtil, el &hellip; <\/p>\n","protected":false},"author":1,"featured_media":0,"parent":0,"menu_order":0,"comment_status":"closed","ping_status":"closed","template":"","meta":{"footnotes":""},"class_list":["post-1564","page","type-page","status-publish","hentry"],"_links":{"self":[{"href":"https:\/\/santaclarapuros.com\/club\/wp-json\/wp\/v2\/pages\/1564","targetHints":{"allow":["GET"]}}],"collection":[{"href":"https:\/\/santaclarapuros.com\/club\/wp-json\/wp\/v2\/pages"}],"about":[{"href":"https:\/\/santaclarapuros.com\/club\/wp-json\/wp\/v2\/types\/page"}],"author":[{"embeddable":true,"href":"https:\/\/santaclarapuros.com\/club\/wp-json\/wp\/v2\/users\/1"}],"replies":[{"embeddable":true,"href":"https:\/\/santaclarapuros.com\/club\/wp-json\/wp\/v2\/comments?post=1564"}],"version-history":[{"count":3,"href":"https:\/\/santaclarapuros.com\/club\/wp-json\/wp\/v2\/pages\/1564\/revisions"}],"predecessor-version":[{"id":1592,"href":"https:\/\/santaclarapuros.com\/club\/wp-json\/wp\/v2\/pages\/1564\/revisions\/1592"}],"wp:attachment":[{"href":"https:\/\/santaclarapuros.com\/club\/wp-json\/wp\/v2\/media?parent=1564"}],"curies":[{"name":"wp","href":"https:\/\/api.w.org\/{rel}","templated":true}]}}