{"id":1561,"date":"2025-07-08T12:53:31","date_gmt":"2025-07-08T18:53:31","guid":{"rendered":"https:\/\/santaclarapuros.com\/club\/?page_id=1561"},"modified":"2025-07-17T14:07:11","modified_gmt":"2025-07-17T20:07:11","slug":"madrigal","status":"publish","type":"page","link":"https:\/\/santaclarapuros.com\/club\/madrigal\/","title":{"rendered":"Madrigal"},"content":{"rendered":"<div class=\"wp-block-image\">\n<figure class=\"aligncenter size-medium\"><img loading=\"lazy\" decoding=\"async\" width=\"300\" height=\"300\" src=\"https:\/\/santaclarapuros.com\/club\/wp-content\/uploads\/2025\/07\/madrigal-300x300.jpg\" alt=\"\" class=\"wp-image-1465\" srcset=\"https:\/\/santaclarapuros.com\/club\/wp-content\/uploads\/2025\/07\/madrigal-300x300.jpg 300w, https:\/\/santaclarapuros.com\/club\/wp-content\/uploads\/2025\/07\/madrigal-150x150.jpg 150w, https:\/\/santaclarapuros.com\/club\/wp-content\/uploads\/2025\/07\/madrigal-768x768.jpg 768w, https:\/\/santaclarapuros.com\/club\/wp-content\/uploads\/2025\/07\/madrigal-860x860.jpg 860w, https:\/\/santaclarapuros.com\/club\/wp-content\/uploads\/2025\/07\/madrigal-600x600.jpg 600w, https:\/\/santaclarapuros.com\/club\/wp-content\/uploads\/2025\/07\/madrigal-100x100.jpg 100w, https:\/\/santaclarapuros.com\/club\/wp-content\/uploads\/2025\/07\/madrigal.jpg 1000w\" sizes=\"auto, (max-width: 300px) 100vw, 300px\" \/><\/figure>\n<\/div>\n\n\n<p>Resultado de cinco generaciones de experiencia en el arte del tabaco, Madrigal representa la dedicaci\u00f3n de la familia Ortiz-\u00c1lvarez por ofrecer un puro de calidad excepcional a un precio accesible.<\/p>\n\n\n\n<p>Hechos a mano por expertos tabaqueros, los puros Madrigal est\u00e1n elaborados con tabaco a\u00f1ejado tipo long filler proveniente de San Andr\u00e9s, reconocido por su riqueza y car\u00e1cter. Su perfil de cuerpo medio y sabor equilibrado los convierte en una elecci\u00f3n ideal para quienes buscan una experiencia aut\u00e9ntica y consistente para todos los d\u00edas.<\/p>\n\n\n\n<p>Madrigal destaca por su gran relaci\u00f3n calidad-precio, sin comprometer el arte ni la tradici\u00f3n en cada vitola.<\/p>\n","protected":false},"excerpt":{"rendered":"<p>Resultado de cinco generaciones de experiencia en el arte del tabaco, Madrigal representa la dedicaci\u00f3n de la familia Ortiz-\u00c1lvarez por ofrecer un puro de calidad excepcional a un precio accesible. Hechos a mano por expertos tabaqueros, los puros Madrigal est\u00e1n elaborados con tabaco a\u00f1ejado tipo long filler proveniente de San Andr\u00e9s, reconocido por su riqueza &hellip; <\/p>\n","protected":false},"author":1,"featured_media":0,"parent":0,"menu_order":0,"comment_status":"closed","ping_status":"closed","template":"","meta":{"footnotes":""},"class_list":["post-1561","page","type-page","status-publish","hentry"],"_links":{"self":[{"href":"https:\/\/santaclarapuros.com\/club\/wp-json\/wp\/v2\/pages\/1561","targetHints":{"allow":["GET"]}}],"collection":[{"href":"https:\/\/santaclarapuros.com\/club\/wp-json\/wp\/v2\/pages"}],"about":[{"href":"https:\/\/santaclarapuros.com\/club\/wp-json\/wp\/v2\/types\/page"}],"author":[{"embeddable":true,"href":"https:\/\/santaclarapuros.com\/club\/wp-json\/wp\/v2\/users\/1"}],"replies":[{"embeddable":true,"href":"https:\/\/santaclarapuros.com\/club\/wp-json\/wp\/v2\/comments?post=1561"}],"version-history":[{"count":4,"href":"https:\/\/santaclarapuros.com\/club\/wp-json\/wp\/v2\/pages\/1561\/revisions"}],"predecessor-version":[{"id":1591,"href":"https:\/\/santaclarapuros.com\/club\/wp-json\/wp\/v2\/pages\/1561\/revisions\/1591"}],"wp:attachment":[{"href":"https:\/\/santaclarapuros.com\/club\/wp-json\/wp\/v2\/media?parent=1561"}],"curies":[{"name":"wp","href":"https:\/\/api.w.org\/{rel}","templated":true}]}}