{"id":1559,"date":"2025-07-08T12:53:20","date_gmt":"2025-07-08T18:53:20","guid":{"rendered":"https:\/\/santaclarapuros.com\/club\/?page_id=1559"},"modified":"2025-07-17T14:07:03","modified_gmt":"2025-07-17T20:07:03","slug":"ejecutivos","status":"publish","type":"page","link":"https:\/\/santaclarapuros.com\/club\/ejecutivos\/","title":{"rendered":"Ejecutivos"},"content":{"rendered":"<div class=\"wp-block-image\">\n<figure class=\"aligncenter size-medium\"><img loading=\"lazy\" decoding=\"async\" width=\"300\" height=\"300\" src=\"https:\/\/santaclarapuros.com\/club\/wp-content\/uploads\/2025\/07\/ejecutivos-300x300.jpg\" alt=\"\" class=\"wp-image-1459\" srcset=\"https:\/\/santaclarapuros.com\/club\/wp-content\/uploads\/2025\/07\/ejecutivos-300x300.jpg 300w, https:\/\/santaclarapuros.com\/club\/wp-content\/uploads\/2025\/07\/ejecutivos-150x150.jpg 150w, https:\/\/santaclarapuros.com\/club\/wp-content\/uploads\/2025\/07\/ejecutivos-768x768.jpg 768w, https:\/\/santaclarapuros.com\/club\/wp-content\/uploads\/2025\/07\/ejecutivos-860x860.jpg 860w, https:\/\/santaclarapuros.com\/club\/wp-content\/uploads\/2025\/07\/ejecutivos-600x600.jpg 600w, https:\/\/santaclarapuros.com\/club\/wp-content\/uploads\/2025\/07\/ejecutivos-100x100.jpg 100w, https:\/\/santaclarapuros.com\/club\/wp-content\/uploads\/2025\/07\/ejecutivos.jpg 1000w\" sizes=\"auto, (max-width: 300px) 100vw, 300px\" \/><\/figure>\n<\/div>\n\n\n<p>Con una s\u00f3lida tradici\u00f3n dentro del mundo del tabaco en M\u00e9xico, Ejecutivos se ha consolidado como una marca ic\u00f3nica, reconocida por ofrecer una experiencia accesible, vers\u00e1til y constante a lo largo del tiempo.<\/p>\n\n\n\n<p>Su practicidad, variedad de formatos y una amplia gama de sabores arom\u00e1ticos han convertido a estos puros en una opci\u00f3n ideal tanto para quienes se inician como para fumadores que buscan una fumada ligera y agradable en cualquier momento del d\u00eda.<\/p>\n\n\n\n<p>Fieles a su esencia contempor\u00e1nea, los puros Ejecutivos llevan con orgullo su lema: &#8220;Joven por naturaleza&#8221;.<\/p>\n","protected":false},"excerpt":{"rendered":"<p>Con una s\u00f3lida tradici\u00f3n dentro del mundo del tabaco en M\u00e9xico, Ejecutivos se ha consolidado como una marca ic\u00f3nica, reconocida por ofrecer una experiencia accesible, vers\u00e1til y constante a lo largo del tiempo. Su practicidad, variedad de formatos y una amplia gama de sabores arom\u00e1ticos han convertido a estos puros en una opci\u00f3n ideal tanto &hellip; <\/p>\n","protected":false},"author":1,"featured_media":0,"parent":0,"menu_order":0,"comment_status":"closed","ping_status":"closed","template":"","meta":{"footnotes":""},"class_list":["post-1559","page","type-page","status-publish","hentry"],"_links":{"self":[{"href":"https:\/\/santaclarapuros.com\/club\/wp-json\/wp\/v2\/pages\/1559","targetHints":{"allow":["GET"]}}],"collection":[{"href":"https:\/\/santaclarapuros.com\/club\/wp-json\/wp\/v2\/pages"}],"about":[{"href":"https:\/\/santaclarapuros.com\/club\/wp-json\/wp\/v2\/types\/page"}],"author":[{"embeddable":true,"href":"https:\/\/santaclarapuros.com\/club\/wp-json\/wp\/v2\/users\/1"}],"replies":[{"embeddable":true,"href":"https:\/\/santaclarapuros.com\/club\/wp-json\/wp\/v2\/comments?post=1559"}],"version-history":[{"count":3,"href":"https:\/\/santaclarapuros.com\/club\/wp-json\/wp\/v2\/pages\/1559\/revisions"}],"predecessor-version":[{"id":1588,"href":"https:\/\/santaclarapuros.com\/club\/wp-json\/wp\/v2\/pages\/1559\/revisions\/1588"}],"wp:attachment":[{"href":"https:\/\/santaclarapuros.com\/club\/wp-json\/wp\/v2\/media?parent=1559"}],"curies":[{"name":"wp","href":"https:\/\/api.w.org\/{rel}","templated":true}]}}