{"id":1505,"date":"2025-07-03T18:05:39","date_gmt":"2025-07-04T00:05:39","guid":{"rendered":"https:\/\/santaclarapuros.com\/club\/?page_id=1505"},"modified":"2025-07-17T14:07:21","modified_gmt":"2025-07-17T20:07:21","slug":"veracruz-premium","status":"publish","type":"page","link":"https:\/\/santaclarapuros.com\/club\/veracruz-premium\/","title":{"rendered":"Veracruz Premium"},"content":{"rendered":"<div class=\"wp-block-image\">\n<figure class=\"aligncenter size-medium\"><img loading=\"lazy\" decoding=\"async\" width=\"300\" height=\"300\" src=\"https:\/\/santaclarapuros.com\/club\/wp-content\/uploads\/2025\/07\/veracruz-premium-300x300.jpg\" alt=\"\" class=\"wp-image-1458\" srcset=\"https:\/\/santaclarapuros.com\/club\/wp-content\/uploads\/2025\/07\/veracruz-premium-300x300.jpg 300w, https:\/\/santaclarapuros.com\/club\/wp-content\/uploads\/2025\/07\/veracruz-premium-150x150.jpg 150w, https:\/\/santaclarapuros.com\/club\/wp-content\/uploads\/2025\/07\/veracruz-premium-768x768.jpg 768w, https:\/\/santaclarapuros.com\/club\/wp-content\/uploads\/2025\/07\/veracruz-premium-860x860.jpg 860w, https:\/\/santaclarapuros.com\/club\/wp-content\/uploads\/2025\/07\/veracruz-premium-600x600.jpg 600w, https:\/\/santaclarapuros.com\/club\/wp-content\/uploads\/2025\/07\/veracruz-premium-100x100.jpg 100w, https:\/\/santaclarapuros.com\/club\/wp-content\/uploads\/2025\/07\/veracruz-premium.jpg 1000w\" sizes=\"auto, (max-width: 300px) 100vw, 300px\" \/><\/figure>\n<\/div>\n\n\n<h3 class=\"wp-block-heading\"><em>Veracruz tierra del mejor sabor<\/em><\/h3>\n\n\n\n<p>Estos puros de cuerpo medio est\u00e1n hechos con tripa larga San Andr\u00e9s 100% seleccionada, un capote Morr\u00f3n Limpio robusto y una exquisita capa de cultivo mexicano: puede elegir entre un natural marr\u00f3n claro o un maduro oscuro m\u00e1s denso. Elaborados por torcedores con amplia experiencia, tienen un tiro excelente y una combusti\u00f3n maravillosa, dejando una ceniza exquisita. <\/p>\n\n\n\n<p>Su sabor es \u00fanico en comparaci\u00f3n con las muchas marcas de puros en paquete comunes del mercado: nuestros puros Veracruz son tan sabrosos y agradables que podr\u00edan empaquetarse f\u00e1cilmente en elegantes cajas. Puede elegir entre una capa natural o maduro.<\/p>\n","protected":false},"excerpt":{"rendered":"<p>Veracruz tierra del mejor sabor Estos puros de cuerpo medio est\u00e1n hechos con tripa larga San Andr\u00e9s 100% seleccionada, un capote Morr\u00f3n Limpio robusto y una exquisita capa de cultivo mexicano: puede elegir entre un natural marr\u00f3n claro o un maduro oscuro m\u00e1s denso. Elaborados por torcedores con amplia experiencia, tienen un tiro excelente y &hellip; <\/p>\n","protected":false},"author":1,"featured_media":0,"parent":0,"menu_order":0,"comment_status":"closed","ping_status":"closed","template":"","meta":{"footnotes":""},"class_list":["post-1505","page","type-page","status-publish","hentry"],"_links":{"self":[{"href":"https:\/\/santaclarapuros.com\/club\/wp-json\/wp\/v2\/pages\/1505","targetHints":{"allow":["GET"]}}],"collection":[{"href":"https:\/\/santaclarapuros.com\/club\/wp-json\/wp\/v2\/pages"}],"about":[{"href":"https:\/\/santaclarapuros.com\/club\/wp-json\/wp\/v2\/types\/page"}],"author":[{"embeddable":true,"href":"https:\/\/santaclarapuros.com\/club\/wp-json\/wp\/v2\/users\/1"}],"replies":[{"embeddable":true,"href":"https:\/\/santaclarapuros.com\/club\/wp-json\/wp\/v2\/comments?post=1505"}],"version-history":[{"count":2,"href":"https:\/\/santaclarapuros.com\/club\/wp-json\/wp\/v2\/pages\/1505\/revisions"}],"predecessor-version":[{"id":1587,"href":"https:\/\/santaclarapuros.com\/club\/wp-json\/wp\/v2\/pages\/1505\/revisions\/1587"}],"wp:attachment":[{"href":"https:\/\/santaclarapuros.com\/club\/wp-json\/wp\/v2\/media?parent=1505"}],"curies":[{"name":"wp","href":"https:\/\/api.w.org\/{rel}","templated":true}]}}