{"id":1494,"date":"2025-07-02T11:09:39","date_gmt":"2025-07-02T17:09:39","guid":{"rendered":"https:\/\/santaclarapuros.com\/club\/?page_id=1494"},"modified":"2025-07-17T14:07:09","modified_gmt":"2025-07-17T20:07:09","slug":"la-casta","status":"publish","type":"page","link":"https:\/\/santaclarapuros.com\/club\/la-casta\/","title":{"rendered":"La Casta"},"content":{"rendered":"<div class=\"wp-block-image\">\n<figure class=\"aligncenter size-medium\"><img loading=\"lazy\" decoding=\"async\" width=\"300\" height=\"300\" src=\"https:\/\/santaclarapuros.com\/club\/wp-content\/uploads\/2025\/07\/la-casta-300x300.jpg\" alt=\"\" class=\"wp-image-1462\" srcset=\"https:\/\/santaclarapuros.com\/club\/wp-content\/uploads\/2025\/07\/la-casta-300x300.jpg 300w, https:\/\/santaclarapuros.com\/club\/wp-content\/uploads\/2025\/07\/la-casta-150x150.jpg 150w, https:\/\/santaclarapuros.com\/club\/wp-content\/uploads\/2025\/07\/la-casta-768x768.jpg 768w, https:\/\/santaclarapuros.com\/club\/wp-content\/uploads\/2025\/07\/la-casta-860x860.jpg 860w, https:\/\/santaclarapuros.com\/club\/wp-content\/uploads\/2025\/07\/la-casta-600x600.jpg 600w, https:\/\/santaclarapuros.com\/club\/wp-content\/uploads\/2025\/07\/la-casta-100x100.jpg 100w, https:\/\/santaclarapuros.com\/club\/wp-content\/uploads\/2025\/07\/la-casta.jpg 1000w\" sizes=\"auto, (max-width: 300px) 100vw, 300px\" \/><\/figure>\n<\/div>\n\n\n<h2 class=\"wp-block-heading\">Fusion de Tradici\u00f3n y Orgullo<\/h2>\n\n\n\n<p>La Casta honra el mestizaje surgido cuando Europa y Am\u00e9rica se encontraron durante el siglo XVI. Aunque los pueblos mexicanos fueron conquistados por los espa\u00f1oles, surgieron nuevos linajes y razas. Tras la Conquista, el orgullo de cada&nbsp;casta&nbsp;continu\u00f3 floreciendo en cada individuo, conservando sus ra\u00edces y tradiciones antiguas y profundas que conforman el vasto mosaico de lo mexicano.<\/p>\n\n\n\n<p><em>La marca La Casta es la fusi\u00f3n de la sabidur\u00eda y los m\u00e9todos tradicionales de nuestra F\u00e1brica de Cigarros. Presentamos con orgullo mezclas exclusivas de tabaco, cuidadosamente seleccionadas y combinadas con la capa San Andr\u00e9s Maduro, creando un sabor intenso que representa la fusi\u00f3n de culturas y tradiciones.<\/em><\/p>\n\n\n\n<p><em>El cigarro La Casta posee un sabor medio a fuerte, lleno de matices evidentes, que estamos seguros conquistar\u00e1 el paladar del m\u00e1s exigente conocedor.<\/em><\/p>\n\n\n\n<p><strong><em>\u00a1Un humo que no querr\u00e1s perderte!<\/em><\/strong><\/p>\n\n\n\n<p><\/p>\n","protected":false},"excerpt":{"rendered":"<p>Fusion de Tradici\u00f3n y Orgullo La Casta honra el mestizaje surgido cuando Europa y Am\u00e9rica se encontraron durante el siglo XVI. Aunque los pueblos mexicanos fueron conquistados por los espa\u00f1oles, surgieron nuevos linajes y razas. Tras la Conquista, el orgullo de cada&nbsp;casta&nbsp;continu\u00f3 floreciendo en cada individuo, conservando sus ra\u00edces y tradiciones antiguas y profundas que &hellip; <\/p>\n","protected":false},"author":1,"featured_media":0,"parent":0,"menu_order":0,"comment_status":"closed","ping_status":"closed","template":"","meta":{"footnotes":""},"class_list":["post-1494","page","type-page","status-publish","hentry"],"_links":{"self":[{"href":"https:\/\/santaclarapuros.com\/club\/wp-json\/wp\/v2\/pages\/1494","targetHints":{"allow":["GET"]}}],"collection":[{"href":"https:\/\/santaclarapuros.com\/club\/wp-json\/wp\/v2\/pages"}],"about":[{"href":"https:\/\/santaclarapuros.com\/club\/wp-json\/wp\/v2\/types\/page"}],"author":[{"embeddable":true,"href":"https:\/\/santaclarapuros.com\/club\/wp-json\/wp\/v2\/users\/1"}],"replies":[{"embeddable":true,"href":"https:\/\/santaclarapuros.com\/club\/wp-json\/wp\/v2\/comments?post=1494"}],"version-history":[{"count":3,"href":"https:\/\/santaclarapuros.com\/club\/wp-json\/wp\/v2\/pages\/1494\/revisions"}],"predecessor-version":[{"id":1590,"href":"https:\/\/santaclarapuros.com\/club\/wp-json\/wp\/v2\/pages\/1494\/revisions\/1590"}],"wp:attachment":[{"href":"https:\/\/santaclarapuros.com\/club\/wp-json\/wp\/v2\/media?parent=1494"}],"curies":[{"name":"wp","href":"https:\/\/api.w.org\/{rel}","templated":true}]}}