{"id":1345,"date":"2025-06-27T14:30:00","date_gmt":"2025-06-27T20:30:00","guid":{"rendered":"https:\/\/santaclarapuros.com\/club\/?page_id=1345"},"modified":"2025-07-18T15:50:20","modified_gmt":"2025-07-18T21:50:20","slug":"medios-de-pago","status":"publish","type":"page","link":"https:\/\/santaclarapuros.com\/club\/medios-de-pago\/","title":{"rendered":"Medios de Pago"},"content":{"rendered":"\n<p>Para tu comodidad contamos con&nbsp;<strong>Diferentes Formas de Pago<\/strong>. Elige la que m\u00e1s te convenga. Nuestros medios de pago te ofrecen&nbsp;<strong>Transacciones Seguras&nbsp;<\/strong>y te garantizan la privacidad y protecci\u00f3n de tu informaci\u00f3n.<\/p>\n\n\n\n<h4 class=\"wp-block-heading\">DEP\u00d3SITO O TRANSFERENCIA BANCARIA<\/h4>\n\n\n\n<p>Puedes realizar tu pago en efectivo mediante un dep\u00f3sito en Banamex o mediante una transferencia SPEI.<\/p>\n\n\n\n<p><strong>Para realizar tu pago con Deposito o transferencia bancaria deber\u00e1s efectuar los siguientes pasos:<\/strong><\/p>\n\n\n\n<ol class=\"wp-block-list\">\n<li>Agrega a tu carrito de compras los art\u00edculos que desees adquirir y posteriormente haz click en&nbsp;<a href=\"https:\/\/www.santaclarapuros.com\/club\/finalizar-compra\/\" data-type=\"link\" data-id=\"https:\/\/www.santaclarapuros.com\/club\/finalizar-compra\/\"><strong>Finalizar Compra<\/strong><\/a>.<\/li>\n\n\n\n<li>Ingresa tus datos personales y direcciones de envi\u00f3 para pedido (la colonia que coincida con el C.P.).<\/li>\n\n\n\n<li>Elige el m\u00e9todo de pago&nbsp;<strong>Dep\u00f3sito o Transferencia Bancaria<\/strong> y presiona&nbsp;<strong>Realizar el pedido<\/strong>.<\/li>\n\n\n\n<li>Ser\u00e1s direccionado a una p\u00e1gina con los detalles de tu pedido y datos bancarios.<\/li>\n\n\n\n<li>Realiza tu pago mediante un dep\u00f3sito en ventanilla a nuestra cuenta:\n<ul class=\"wp-block-list\">\n<li>Banco: BBVA BANCOMER<\/li>\n\n\n\n<li>Beneficiario: NOBLE HOUSE DE MEXICO S. A. DE C.V.<\/li>\n\n\n\n<li>Cuenta: 453241831<\/li>\n\n\n\n<li>CLABE: 012890004532418319<\/li>\n<\/ul>\n<\/li>\n\n\n\n<li>Enviar un email con una foto o copia escaneada del comprobante de pago a la cuenta de email\u00a0<a href=\"club@santaclarapuros.com\" data-type=\"mailto\" data-id=\"mailto:club@noblehouse.mx\"><strong>club@santaclarapuros.com<\/strong><\/a><\/li>\n\n\n\n<li>Una vez corroborado el pago te enviaremos un email confirmando la facturaci\u00f3n de la compra y la informaci\u00f3n del env\u00edo de tu pedido.<\/li>\n<\/ol>\n\n\n\n<h4 class=\"wp-block-heading\">PAYPAL<\/h4>\n\n\n\n<p>PayPal es una empresa del sector del comercio electr\u00f3nico, cuyo sistema permite a sus usuarios realizar pagos y transferencias a trav\u00e9s de Internet sin compartir la informaci\u00f3n financiera con el destinatario. Es un sistema r\u00e1pido y seguro para enviar y recibir dinero.<\/p>\n\n\n\n<p>Realiza pagos en l\u00ednea en M\u00e9xico con certeza que tu informaci\u00f3n personal est\u00e1 segura con PayPal.<\/p>\n\n\n\n<p>Puedes crear una cuenta personal en PayPal gratis&nbsp;<a href=\"https:\/\/www.paypal.com\/mx\/webapps\/mpp\/account-selection\" target=\"_blank\" rel=\"noreferrer noopener\"><strong>(Click Aqu\u00ed)<\/strong><\/a>.<\/p>\n\n\n\n<div class=\"wp-block-group is-nowrap is-layout-flex wp-container-core-group-is-layout-ad2f72ca wp-block-group-is-layout-flex\">\n<figure class=\"wp-block-image size-full\"><img loading=\"lazy\" decoding=\"async\" width=\"174\" height=\"60\" src=\"https:\/\/santaclarapuros.com\/club\/wp-content\/uploads\/2025\/06\/icono-paypal-tarjetas-credito.png\" alt=\"\" class=\"wp-image-1352\"\/><\/figure>\n\n\n\n<figure class=\"wp-block-image size-full\"><img loading=\"lazy\" decoding=\"async\" width=\"275\" height=\"60\" src=\"https:\/\/santaclarapuros.com\/club\/wp-content\/uploads\/2025\/06\/icono-paypal_tarjetas-debito.gif\" alt=\"\" class=\"wp-image-1353\"\/><\/figure>\n<\/div>\n\n\n\n<p><strong>Para realizar tu pago con PayPal sigue los siguientes pasos:<\/strong><\/p>\n\n\n\n<ol class=\"wp-block-list\">\n<li>Agrega a tu carrito de compras los art\u00edculos que desees adquirir y posteriormente haz click en&nbsp;<a href=\"https:\/\/www.santaclarapuros.com\/club\/finalizar-compra\/\" data-type=\"link\" data-id=\"https:\/\/www.santaclarapuros.com\/club\/finalizar-compra\/\"><strong>Finalizar Compra<\/strong><\/a>.<\/li>\n\n\n\n<li>Ingresa tus datos personales y direcciones de envi\u00f3 para el pedido (la colonia que coincida con el C.P.).<\/li>\n\n\n\n<li>Elige pagar con el m\u00e9todo de pago&nbsp;<strong>PayPal&nbsp;<\/strong>y presionar Completar Pago<strong>.<\/strong><\/li>\n\n\n\n<li>Ser\u00e1s redireccionado al portal oficial de PayPal.<\/li>\n\n\n\n<li>Ingresa los datos de tu cuenta PayPal o si no tienes cuenta podr\u00e1s ingresar los datos de tu tarjeta de cr\u00e9dito o d\u00e9bito.<\/li>\n\n\n\n<li>Al finalizar el pago regresar\u00e1s a <a href=\"https:\/\/santaclarapuros.com\/club\/\"><strong>santaclarapuros.com\/club<\/strong><\/a>, donde te proporcionaremos la informaci\u00f3n de tu pedido.<\/li>\n<\/ol>\n\n\n\n<p>Una vez finalizada tu compra recibir\u00e1s un correo electr\u00f3nico con los detalles de tu pedido.<\/p>\n\n\n\n<h3 class=\"wp-block-heading\">MERCADO PAGO<\/h3>\n\n\n\n<p>Mercado Pago es la plataforma de pagos online de Mercado Libre. Permite realizar pagos y transferencias a trav\u00e9s de internet. El sistema de mercado pago protege tu informaci\u00f3n ya que circula de manera encriptada para cumplir con los altos est\u00e1ndares de seguridad online.<\/p>\n\n\n\n<p>Pagar con Mercado Pago es usar cualquiera de estos medios:<\/p>\n\n\n\n<div class=\"wp-block-columns is-layout-flex wp-container-core-columns-is-layout-9d6595d7 wp-block-columns-is-layout-flex\">\n<div class=\"wp-block-column is-layout-flow wp-block-column-is-layout-flow\">\n<p><strong>Tarjeta de cr\u00e9dito o d\u00e9bito<\/strong><\/p>\n\n\n\n<div class=\"wp-block-group is-nowrap is-layout-flex wp-container-core-group-is-layout-ad2f72ca wp-block-group-is-layout-flex\">\n<div class=\"wp-block-group is-nowrap is-layout-flex wp-container-core-group-is-layout-ad2f72ca wp-block-group-is-layout-flex\">\n<figure class=\"wp-block-image size-full\"><img loading=\"lazy\" decoding=\"async\" width=\"50\" height=\"37\" src=\"https:\/\/santaclarapuros.com\/club\/wp-content\/uploads\/2025\/06\/icono-visa.png\" alt=\"\" class=\"wp-image-1375\"\/><\/figure>\n\n\n\n<figure class=\"wp-block-image size-full\"><img loading=\"lazy\" decoding=\"async\" width=\"50\" height=\"37\" src=\"https:\/\/santaclarapuros.com\/club\/wp-content\/uploads\/2025\/06\/icono-mastercard.png\" alt=\"\" class=\"wp-image-1376\"\/><\/figure>\n<\/div>\n\n\n\n<figure class=\"wp-block-image size-full\"><img loading=\"lazy\" decoding=\"async\" width=\"50\" height=\"37\" src=\"https:\/\/santaclarapuros.com\/club\/wp-content\/uploads\/2025\/06\/icono-american-express.png\" alt=\"\" class=\"wp-image-1377\"\/><\/figure>\n<\/div>\n\n\n\n<p><strong>Deposito o transferencia bancaria<\/strong><\/p>\n\n\n\n<figure class=\"wp-block-image size-full\"><img loading=\"lazy\" decoding=\"async\" width=\"50\" height=\"37\" src=\"https:\/\/santaclarapuros.com\/club\/wp-content\/uploads\/2025\/06\/icono-bbva.png\" alt=\"\" class=\"wp-image-1384\"\/><\/figure>\n\n\n\n<figure class=\"wp-block-image size-full\"><img loading=\"lazy\" decoding=\"async\" width=\"113\" height=\"37\" src=\"https:\/\/santaclarapuros.com\/club\/wp-content\/uploads\/2025\/06\/icono-banamex.png\" alt=\"\" class=\"wp-image-1382\"\/><\/figure>\n\n\n\n<figure class=\"wp-block-image size-full\"><img loading=\"lazy\" decoding=\"async\" width=\"113\" height=\"37\" src=\"https:\/\/santaclarapuros.com\/club\/wp-content\/uploads\/2025\/06\/Icono-santander.png\" alt=\"\" class=\"wp-image-1386\"\/><\/figure>\n\n\n\n<figure class=\"wp-block-image size-full\"><img loading=\"lazy\" decoding=\"async\" width=\"113\" height=\"37\" src=\"https:\/\/santaclarapuros.com\/club\/wp-content\/uploads\/2025\/06\/Icono-banorte.png\" alt=\"\" class=\"wp-image-1383\"\/><\/figure>\n\n\n\n<figure class=\"wp-block-image size-full\"><img loading=\"lazy\" decoding=\"async\" width=\"113\" height=\"37\" src=\"https:\/\/santaclarapuros.com\/club\/wp-content\/uploads\/2025\/06\/icono-hsbc.png\" alt=\"\" class=\"wp-image-1385\"\/><\/figure>\n<\/div>\n\n\n\n<div class=\"wp-block-column is-layout-flow wp-block-column-is-layout-flow\">\n<p><strong>Con saldo de tu cuenta de Mercado Pago<\/strong><\/p>\n\n\n\n<figure class=\"wp-block-image size-full\"><img loading=\"lazy\" decoding=\"async\" width=\"113\" height=\"37\" src=\"https:\/\/santaclarapuros.com\/club\/wp-content\/uploads\/2025\/06\/icono-mercadopago.png\" alt=\"\" class=\"wp-image-1378\"\/><\/figure>\n\n\n\n<p><strong>&nbsp;<\/strong><strong>Pago en efectivo.<\/strong><\/p>\n\n\n\n<div class=\"wp-block-group is-nowrap is-layout-flex wp-container-core-group-is-layout-ad2f72ca wp-block-group-is-layout-flex\">\n<div class=\"wp-block-group is-nowrap is-layout-flex wp-container-core-group-is-layout-ad2f72ca wp-block-group-is-layout-flex\">\n<figure class=\"wp-block-image size-full\"><img loading=\"lazy\" decoding=\"async\" width=\"50\" height=\"37\" src=\"https:\/\/santaclarapuros.com\/club\/wp-content\/uploads\/2025\/06\/icono-oxxo.png\" alt=\"\" class=\"wp-image-1379\"\/><\/figure>\n\n\n\n<figure class=\"wp-block-image size-full\"><img loading=\"lazy\" decoding=\"async\" width=\"50\" height=\"37\" src=\"https:\/\/santaclarapuros.com\/club\/wp-content\/uploads\/2025\/06\/icono-7eleven.png\" alt=\"\" class=\"wp-image-1380\"\/><\/figure>\n<\/div>\n\n\n\n<figure class=\"wp-block-image size-full\"><img loading=\"lazy\" decoding=\"async\" width=\"113\" height=\"37\" src=\"https:\/\/santaclarapuros.com\/club\/wp-content\/uploads\/2025\/06\/icono-fahorro.png\" alt=\"\" class=\"wp-image-1381\"\/><\/figure>\n<\/div>\n<\/div>\n<\/div>\n\n\n\n<p><strong>Para realizar tu pago con Mercado Pago sigue los siguientes pasos:<\/strong><\/p>\n\n\n\n<ol class=\"wp-block-list\">\n<li>Agrega a tu carrito de compras los art\u00edculos que desees adquirir y posteriormente haz click en&nbsp;<a href=\"https:\/\/www.santaclarapuros.com\/club\/finalizar-compra\/\" data-type=\"link\" data-id=\"https:\/\/www.santaclarapuros.com\/club\/finalizar-compra\/\"><strong>Finalizar Compra<\/strong><\/a>.<\/li>\n\n\n\n<li>Ingresa tus datos personales y direcciones de envi\u00f3 para el pedido (la colonia que coincida con el C.P.).<\/li>\n\n\n\n<li>Elige pagar con el m\u00e9todo de pago\u00a0<strong>Mercado Pago\u00a0<\/strong>y presionar Realizar Pedido<strong>.<\/strong><\/li>\n\n\n\n<li>Ser\u00e1s redireccionado al portal oficial de Mercado Pago.<\/li>\n\n\n\n<li>Selecciona tu medio de pago preferido, ingresa tus datos y listo.<\/li>\n\n\n\n<li>Al finalizar el pago regresar\u00e1s a <a href=\"https:\/\/santaclarapuros.com\/club\/\"><strong>santaclarapuros.com\/club<\/strong><\/a>, donde te proporcionaremos la informaci\u00f3n de tu pedido.<\/li>\n<\/ol>\n\n\n\n<p>Una vez finalizada tu compra recibir\u00e1s un correo electr\u00f3nico con los detalles de tu pedido e informaci\u00f3n de envi\u00f3.<\/p>\n","protected":false},"excerpt":{"rendered":"<p>Para tu comodidad contamos con&nbsp;Diferentes Formas de Pago. Elige la que m\u00e1s te convenga. Nuestros medios de pago te ofrecen&nbsp;Transacciones Seguras&nbsp;y te garantizan la privacidad y protecci\u00f3n de tu informaci\u00f3n. DEP\u00d3SITO O TRANSFERENCIA BANCARIA Puedes realizar tu pago en efectivo mediante un dep\u00f3sito en Banamex o mediante una transferencia SPEI. Para realizar tu pago con &hellip; <\/p>\n","protected":false},"author":1,"featured_media":0,"parent":0,"menu_order":0,"comment_status":"closed","ping_status":"closed","template":"","meta":{"footnotes":""},"class_list":["post-1345","page","type-page","status-publish","hentry"],"_links":{"self":[{"href":"https:\/\/santaclarapuros.com\/club\/wp-json\/wp\/v2\/pages\/1345","targetHints":{"allow":["GET"]}}],"collection":[{"href":"https:\/\/santaclarapuros.com\/club\/wp-json\/wp\/v2\/pages"}],"about":[{"href":"https:\/\/santaclarapuros.com\/club\/wp-json\/wp\/v2\/types\/page"}],"author":[{"embeddable":true,"href":"https:\/\/santaclarapuros.com\/club\/wp-json\/wp\/v2\/users\/1"}],"replies":[{"embeddable":true,"href":"https:\/\/santaclarapuros.com\/club\/wp-json\/wp\/v2\/comments?post=1345"}],"version-history":[{"count":8,"href":"https:\/\/santaclarapuros.com\/club\/wp-json\/wp\/v2\/pages\/1345\/revisions"}],"predecessor-version":[{"id":1632,"href":"https:\/\/santaclarapuros.com\/club\/wp-json\/wp\/v2\/pages\/1345\/revisions\/1632"}],"wp:attachment":[{"href":"https:\/\/santaclarapuros.com\/club\/wp-json\/wp\/v2\/media?parent=1345"}],"curies":[{"name":"wp","href":"https:\/\/api.w.org\/{rel}","templated":true}]}}