{"id":1294,"date":"2025-06-26T11:39:50","date_gmt":"2025-06-26T17:39:50","guid":{"rendered":"https:\/\/santaclarapuros.com\/club\/?page_id=1294"},"modified":"2025-07-17T14:07:01","modified_gmt":"2025-07-17T20:07:01","slug":"capa-flor","status":"publish","type":"page","link":"https:\/\/santaclarapuros.com\/club\/capa-flor\/","title":{"rendered":"Capa Flor"},"content":{"rendered":"<div class=\"wp-block-image\">\n<figure class=\"aligncenter size-medium\"><img loading=\"lazy\" decoding=\"async\" width=\"300\" height=\"300\" src=\"https:\/\/santaclarapuros.com\/club\/wp-content\/uploads\/2025\/06\/Logo-Capa-Flor-300x300.png\" alt=\"\" class=\"wp-image-1296\" srcset=\"https:\/\/santaclarapuros.com\/club\/wp-content\/uploads\/2025\/06\/Logo-Capa-Flor-300x301.png 300w, https:\/\/santaclarapuros.com\/club\/wp-content\/uploads\/2025\/06\/Logo-Capa-Flor-150x150.png 150w, https:\/\/santaclarapuros.com\/club\/wp-content\/uploads\/2025\/06\/Logo-Capa-Flor-100x100.png 100w, https:\/\/santaclarapuros.com\/club\/wp-content\/uploads\/2025\/06\/Logo-Capa-Flor.png 599w\" sizes=\"auto, (max-width: 300px) 100vw, 300px\" \/><\/figure>\n<\/div>\n\n\n<h2 class=\"wp-block-heading\">Un Secreto Revelado<\/h2>\n\n\n\n<p>Por a\u00f1os, los ancestrales suelos del Valle de San Andr\u00e9s han producido excelentes tabacos que en silencio y en secreto han logrado ser uno de los puros preferidos por muchos consumidores, esto debido a sus excelentes capas y el especifico sabor que da sus tierras. Por mucho tiempo este Valle ha producido tabaco para complementar mezclas de otros pa\u00edses.<\/p>\n\n\n\n<p>Capa Flor ha salido a la luz p\u00fablica para demostrar que M\u00e9xico no s\u00f3lo produce tabacos de gran calidad, sino para mostrar que es plenamente capaz de producir UN GRAN PURO.<\/p>\n\n\n\n<figure class=\"wp-block-image size-large\"><img loading=\"lazy\" decoding=\"async\" width=\"1024\" height=\"756\" src=\"https:\/\/santaclarapuros.com\/club\/wp-content\/uploads\/2025\/06\/Vitolario-Capa-Flor-1024x756.jpg\" alt=\"\" class=\"wp-image-1297\" srcset=\"https:\/\/santaclarapuros.com\/club\/wp-content\/uploads\/2025\/06\/Vitolario-Capa-Flor-1024x756.jpg 1024w, https:\/\/santaclarapuros.com\/club\/wp-content\/uploads\/2025\/06\/Vitolario-Capa-Flor-300x221.jpg 300w, https:\/\/santaclarapuros.com\/club\/wp-content\/uploads\/2025\/06\/Vitolario-Capa-Flor-768x567.jpg 768w, https:\/\/santaclarapuros.com\/club\/wp-content\/uploads\/2025\/06\/Vitolario-Capa-Flor-1536x1134.jpg 1536w, https:\/\/santaclarapuros.com\/club\/wp-content\/uploads\/2025\/06\/Vitolario-Capa-Flor-2048x1512.jpg 2048w, https:\/\/santaclarapuros.com\/club\/wp-content\/uploads\/2025\/06\/Vitolario-Capa-Flor-600x443.jpg 600w\" sizes=\"auto, (max-width: 1024px) 100vw, 1024px\" \/><\/figure>\n","protected":false},"excerpt":{"rendered":"<p>Un Secreto Revelado Por a\u00f1os, los ancestrales suelos del Valle de San Andr\u00e9s han producido excelentes tabacos que en silencio y en secreto han logrado ser uno de los puros preferidos por muchos consumidores, esto debido a sus excelentes capas y el especifico sabor que da sus tierras. Por mucho tiempo este Valle ha producido &hellip; <\/p>\n","protected":false},"author":1,"featured_media":1295,"parent":0,"menu_order":0,"comment_status":"closed","ping_status":"closed","template":"","meta":{"footnotes":""},"class_list":["post-1294","page","type-page","status-publish","has-post-thumbnail","hentry"],"_links":{"self":[{"href":"https:\/\/santaclarapuros.com\/club\/wp-json\/wp\/v2\/pages\/1294","targetHints":{"allow":["GET"]}}],"collection":[{"href":"https:\/\/santaclarapuros.com\/club\/wp-json\/wp\/v2\/pages"}],"about":[{"href":"https:\/\/santaclarapuros.com\/club\/wp-json\/wp\/v2\/types\/page"}],"author":[{"embeddable":true,"href":"https:\/\/santaclarapuros.com\/club\/wp-json\/wp\/v2\/users\/1"}],"replies":[{"embeddable":true,"href":"https:\/\/santaclarapuros.com\/club\/wp-json\/wp\/v2\/comments?post=1294"}],"version-history":[{"count":3,"href":"https:\/\/santaclarapuros.com\/club\/wp-json\/wp\/v2\/pages\/1294\/revisions"}],"predecessor-version":[{"id":1341,"href":"https:\/\/santaclarapuros.com\/club\/wp-json\/wp\/v2\/pages\/1294\/revisions\/1341"}],"wp:featuredmedia":[{"embeddable":true,"href":"https:\/\/santaclarapuros.com\/club\/wp-json\/wp\/v2\/media\/1295"}],"wp:attachment":[{"href":"https:\/\/santaclarapuros.com\/club\/wp-json\/wp\/v2\/media?parent=1294"}],"curies":[{"name":"wp","href":"https:\/\/api.w.org\/{rel}","templated":true}]}}