{"id":1287,"date":"2025-06-26T11:30:41","date_gmt":"2025-06-26T17:30:41","guid":{"rendered":"https:\/\/santaclarapuros.com\/club\/?page_id=1287"},"modified":"2025-07-17T14:06:57","modified_gmt":"2025-07-17T20:06:57","slug":"aromas-de-san-andres","status":"publish","type":"page","link":"https:\/\/santaclarapuros.com\/club\/aromas-de-san-andres\/","title":{"rendered":"Aromas De San Andres"},"content":{"rendered":"<div class=\"wp-block-image\">\n<figure class=\"aligncenter size-medium\"><img loading=\"lazy\" decoding=\"async\" width=\"300\" height=\"242\" src=\"https:\/\/santaclarapuros.com\/club\/wp-content\/uploads\/2025\/06\/Logo-Aromas-San-Andres-300x242.png\" alt=\"\" class=\"wp-image-1288\" srcset=\"https:\/\/santaclarapuros.com\/club\/wp-content\/uploads\/2025\/06\/Logo-Aromas-San-Andres-300x242.png 300w, https:\/\/santaclarapuros.com\/club\/wp-content\/uploads\/2025\/06\/Logo-Aromas-San-Andres-1024x824.png 1024w, https:\/\/santaclarapuros.com\/club\/wp-content\/uploads\/2025\/06\/Logo-Aromas-San-Andres-768x618.png 768w, https:\/\/santaclarapuros.com\/club\/wp-content\/uploads\/2025\/06\/Logo-Aromas-San-Andres-600x483.png 600w, https:\/\/santaclarapuros.com\/club\/wp-content\/uploads\/2025\/06\/Logo-Aromas-San-Andres.png 1242w\" sizes=\"auto, (max-width: 300px) 100vw, 300px\" \/><\/figure>\n<\/div>\n\n\n<h2 class=\"wp-block-heading\">El Balance Perfecto<\/h2>\n\n\n\n<p>Nuestro orgullo, tradici\u00f3n, experiencia, esfuerzo y dedicaci\u00f3n se transforman en su placer al disfrutar un buen puro. Se convierte en Aromas de San Andr\u00e9s.<\/p>\n\n\n\n<p>El magn\u00edfico sabor y aroma de cada puro es el resultado de una combinaci\u00f3n perfecta de tabacos de la mejor calidad cultivados a partir de semillas de primera calidad en la exuberante vegetaci\u00f3n del Valle de San Andr\u00e9s Tuxtla, Veracruz, M\u00e9xico.<\/p>\n\n\n\n<p><strong>Aromas Gourmet:<\/strong> Cada puro es empacado individualmente en un tubo de cristal \u00e1mbar para mantener su \u00f3ptima calidad y frescura, luego se envuelve con un papel dorado y finalmente se empaca en un estuche de cedro. Una verdadera joya.<\/p>\n\n\n\n<p><strong>Aromas Imperial:<\/strong> Empacados individualmente en un hermoso tubo de aluminio dorado para mantener su calidad y frescura original.<\/p>\n\n\n\n<figure class=\"wp-block-image size-large\"><img loading=\"lazy\" decoding=\"async\" width=\"1024\" height=\"756\" src=\"https:\/\/santaclarapuros.com\/club\/wp-content\/uploads\/2025\/06\/Vitolario-Aromas-de-San-Andres-1024x756.jpg\" alt=\"\" class=\"wp-image-1291\" srcset=\"https:\/\/santaclarapuros.com\/club\/wp-content\/uploads\/2025\/06\/Vitolario-Aromas-de-San-Andres-1024x756.jpg 1024w, https:\/\/santaclarapuros.com\/club\/wp-content\/uploads\/2025\/06\/Vitolario-Aromas-de-San-Andres-300x221.jpg 300w, https:\/\/santaclarapuros.com\/club\/wp-content\/uploads\/2025\/06\/Vitolario-Aromas-de-San-Andres-768x567.jpg 768w, https:\/\/santaclarapuros.com\/club\/wp-content\/uploads\/2025\/06\/Vitolario-Aromas-de-San-Andres-1536x1134.jpg 1536w, https:\/\/santaclarapuros.com\/club\/wp-content\/uploads\/2025\/06\/Vitolario-Aromas-de-San-Andres-2048x1512.jpg 2048w, https:\/\/santaclarapuros.com\/club\/wp-content\/uploads\/2025\/06\/Vitolario-Aromas-de-San-Andres-600x443.jpg 600w\" sizes=\"auto, (max-width: 1024px) 100vw, 1024px\" \/><\/figure>\n","protected":false},"excerpt":{"rendered":"<p>El Balance Perfecto Nuestro orgullo, tradici\u00f3n, experiencia, esfuerzo y dedicaci\u00f3n se transforman en su placer al disfrutar un buen puro. Se convierte en Aromas de San Andr\u00e9s. El magn\u00edfico sabor y aroma de cada puro es el resultado de una combinaci\u00f3n perfecta de tabacos de la mejor calidad cultivados a partir de semillas de primera &hellip; <\/p>\n","protected":false},"author":1,"featured_media":1289,"parent":0,"menu_order":0,"comment_status":"closed","ping_status":"closed","template":"","meta":{"footnotes":""},"class_list":["post-1287","page","type-page","status-publish","has-post-thumbnail","hentry"],"_links":{"self":[{"href":"https:\/\/santaclarapuros.com\/club\/wp-json\/wp\/v2\/pages\/1287","targetHints":{"allow":["GET"]}}],"collection":[{"href":"https:\/\/santaclarapuros.com\/club\/wp-json\/wp\/v2\/pages"}],"about":[{"href":"https:\/\/santaclarapuros.com\/club\/wp-json\/wp\/v2\/types\/page"}],"author":[{"embeddable":true,"href":"https:\/\/santaclarapuros.com\/club\/wp-json\/wp\/v2\/users\/1"}],"replies":[{"embeddable":true,"href":"https:\/\/santaclarapuros.com\/club\/wp-json\/wp\/v2\/comments?post=1287"}],"version-history":[{"count":4,"href":"https:\/\/santaclarapuros.com\/club\/wp-json\/wp\/v2\/pages\/1287\/revisions"}],"predecessor-version":[{"id":1340,"href":"https:\/\/santaclarapuros.com\/club\/wp-json\/wp\/v2\/pages\/1287\/revisions\/1340"}],"wp:featuredmedia":[{"embeddable":true,"href":"https:\/\/santaclarapuros.com\/club\/wp-json\/wp\/v2\/media\/1289"}],"wp:attachment":[{"href":"https:\/\/santaclarapuros.com\/club\/wp-json\/wp\/v2\/media?parent=1287"}],"curies":[{"name":"wp","href":"https:\/\/api.w.org\/{rel}","templated":true}]}}