{"id":1247,"date":"2025-06-25T15:29:34","date_gmt":"2025-06-25T21:29:34","guid":{"rendered":"https:\/\/santaclarapuros.com\/club\/?page_id=1247"},"modified":"2025-07-17T14:17:23","modified_gmt":"2025-07-17T20:17:23","slug":"abc-del-puro","status":"publish","type":"page","link":"https:\/\/santaclarapuros.com\/club\/abc-del-puro\/","title":{"rendered":"ABC DEL PURO"},"content":{"rendered":"\n<p>Vocabulario b\u00e1sico del mundo de los puros.\u00a0<\/p>\n\n\n\n<h5 class=\"wp-block-heading\">anillo<\/h5>\n\n\n\n<p>Etiqueta que se coloca alrededor del puro y que distingue a una marca de otra.<\/p>\n\n\n\n<h5 class=\"wp-block-heading\">BANDA O CAPOTE (BINDER)<\/h5>\n\n\n\n<p>Hoja de tabaco que envuelve la tripa para despu\u00e9s colocarla en el molde.<\/p>\n\n\n\n<h5 class=\"wp-block-heading\">BUNCHO<\/h5>\n\n\n\n<p>Hojas de tabaco que forman la tripa y la banda o capote antes de que se ponga la capa.<\/p>\n\n\n\n<h5 class=\"wp-block-heading\">CAPA (WRAPPER)<\/h5>\n\n\n\n<p>Hoja de tabaco de mejor calidad utilizada para envolver el buncho y hacer la perilla natural.<\/p>\n\n\n\n<h5 class=\"wp-block-heading\">CHAVETA (CHAVETE)<\/h5>\n\n\n\n<p>Herramienta que utilizan los tabaqueros para cortar la capa.<\/p>\n\n\n\n<h5 class=\"wp-block-heading\">COSECHAR (PRIMING)<\/h5>\n\n\n\n<p>Cortar las hojas de tabaco de la planta.<\/p>\n\n\n\n<h5 class=\"wp-block-heading\">CUARTO DE REPOSO (AGING ROOM)<\/h5>\n\n\n\n<p>Cuarto donde se almacenan los puros para alcanzar un grado de humedad y donde los sabores se mezclan para ser m\u00e1s uniformes.<\/p>\n\n\n\n<h5 class=\"wp-block-heading\">CULEBRA<\/h5>\n\n\n\n<p>Tipo de puro torcido en tres.<\/p>\n\n\n\n<h5 class=\"wp-block-heading\">DESPALILLO (STRIPPING)<\/h5>\n\n\n\n<p>Se le quita la vena al tabaco. Proceso utilizado para la elaboraci\u00f3n de puros de tripa larga.<\/p>\n\n\n\n<h5 class=\"wp-block-heading\">FERMENTACION (FERMENTATION)<\/h5>\n\n\n\n<p>Dejar que el tabaco se fermente para darles color, esto se logra de manera natural, al dejar el tabaco llegar a una temperatura por tiempo determinado, poni\u00e9ndolo en pilones o trojes.<\/p>\n\n\n\n<h5 class=\"wp-block-heading\">GALERA<\/h5>\n\n\n\n<p>Edificio en donde se guarda el tabaco reci\u00e9n cortado para ser secado.<\/p>\n\n\n\n<h5 class=\"wp-block-heading\">GAVILLA (HAND)<\/h5>\n\n\n\n<p>Hojas de tabaco agrupadas seg\u00fan su tama\u00f1o. (aproximadamente 35 hojas)<\/p>\n\n\n\n<h5 class=\"wp-block-heading\">GRUESO (RING GAUGE)<\/h5>\n\n\n\n<p>Unidad para medir el grueso de los puros. Se divide en 1\/64 de pulgada. Por ejemplo, un puro de 32 de grueso es: 32\/64 o sea \u00bd de pulgada de di\u00e1metro.<\/p>\n\n\n\n<h5 class=\"wp-block-heading\">MATUL O MATULE<\/h5>\n\n\n\n<p>Manojo de hojas de tabaco sin selecci\u00f3n, aproximadamente 75 hojas.<\/p>\n\n\n\n<h5 class=\"wp-block-heading\">MORRON<\/h5>\n\n\n\n<p>Hoja de tabaco de la parte alta de la planta, de gran calidad y elasticidad porque recibe m\u00e1s sol.<\/p>\n\n\n\n<h5 class=\"wp-block-heading\">PERILLA FALSA (ARTIFICIAL HEAD)<\/h5>\n\n\n\n<p>La cabeza o tapa \u201cartificial\u201d del puro que se sobrepone al cortar un c\u00edrculo del tabaco.<\/p>\n\n\n\n<h5 class=\"wp-block-heading\">PERILLA NATURAL (NATURAL HEAD)<\/h5>\n\n\n\n<p>Cabeza o tapa del puro que se forma de la misma capa y no al cortar una pieza por separado.<\/p>\n\n\n\n<h5 class=\"wp-block-heading\">PICADURA (SCRAP FILLER)<\/h5>\n\n\n\n<p>Peque\u00f1as sobras de hojas cortadas de tabaco que se utilizan en la elaboraci\u00f3n de un puro m\u00e1s econ\u00f3mico.<\/p>\n\n\n\n<h5 class=\"wp-block-heading\">PIRAMIDE (PYRAMID)<\/h5>\n\n\n\n<p>Tipo de puro que es delgado en la cabeza y gradualmente se vuelve m\u00e1s grueso al final<\/p>\n\n\n\n<h5 class=\"wp-block-heading\">PREMIUM CIGARS<\/h5>\n\n\n\n<p>Termino gen\u00e9rico para un puro de alta calidad 100% tabaco, tripa larga, y hecho a mano.<\/p>\n\n\n\n<h5 class=\"wp-block-heading\">TORPEDO<\/h5>\n\n\n\n<p>Puro grueso en el centro y m\u00e1s delgado en uno de sus extremos.<\/p>\n\n\n\n<h5 class=\"wp-block-heading\">TRIPA (FILLER)<\/h5>\n\n\n\n<p>Mezcla de tabaco que forma el grueso centro del puro y que provee mucho del sabor del puro.<\/p>\n\n\n\n<h5 class=\"wp-block-heading\">TRIPA LARGA (LONG FILLER)<\/h5>\n\n\n\n<p>Hoja entera de la tripa que se coloca en el centro del puro y generalmente a mano. Los puros de tripa larga por lo general son de mejor calidad.<\/p>\n\n\n\n<h5 class=\"wp-block-heading\">TROJE O PILON<\/h5>\n\n\n\n<p>Tabaco amontonado en gavillas o matules que crea alta temperaturas para fermentaci\u00f3n.<\/p>\n\n\n\n<h5 class=\"wp-block-heading\">VEGA<\/h5>\n\n\n\n<p>Otra palabra para plantaci\u00f3n de tabaco.<\/p>\n\n\n\n<h5 class=\"wp-block-heading\">VITOLA<\/h5>\n\n\n\n<p>Forma y tama\u00f1o del puro.<\/p>\n","protected":false},"excerpt":{"rendered":"<p>Vocabulario b\u00e1sico del mundo de los puros.\u00a0 anillo Etiqueta que se coloca alrededor del puro y que distingue a una marca de otra. BANDA O CAPOTE (BINDER) Hoja de tabaco que envuelve la tripa para despu\u00e9s colocarla en el molde. BUNCHO Hojas de tabaco que forman la tripa y la banda o capote antes de &hellip; <\/p>\n","protected":false},"author":1,"featured_media":0,"parent":0,"menu_order":0,"comment_status":"closed","ping_status":"closed","template":"","meta":{"footnotes":""},"class_list":["post-1247","page","type-page","status-publish","hentry"],"_links":{"self":[{"href":"https:\/\/santaclarapuros.com\/club\/wp-json\/wp\/v2\/pages\/1247","targetHints":{"allow":["GET"]}}],"collection":[{"href":"https:\/\/santaclarapuros.com\/club\/wp-json\/wp\/v2\/pages"}],"about":[{"href":"https:\/\/santaclarapuros.com\/club\/wp-json\/wp\/v2\/types\/page"}],"author":[{"embeddable":true,"href":"https:\/\/santaclarapuros.com\/club\/wp-json\/wp\/v2\/users\/1"}],"replies":[{"embeddable":true,"href":"https:\/\/santaclarapuros.com\/club\/wp-json\/wp\/v2\/comments?post=1247"}],"version-history":[{"count":1,"href":"https:\/\/santaclarapuros.com\/club\/wp-json\/wp\/v2\/pages\/1247\/revisions"}],"predecessor-version":[{"id":1256,"href":"https:\/\/santaclarapuros.com\/club\/wp-json\/wp\/v2\/pages\/1247\/revisions\/1256"}],"wp:attachment":[{"href":"https:\/\/santaclarapuros.com\/club\/wp-json\/wp\/v2\/media?parent=1247"}],"curies":[{"name":"wp","href":"https:\/\/api.w.org\/{rel}","templated":true}]}}